{"id":276,"date":"2013-11-06T23:32:30","date_gmt":"2013-11-06T22:32:30","guid":{"rendered":"http:\/\/facescouts.fr\/WordPressOndicap\/?page_id=276"},"modified":"2013-11-07T00:28:52","modified_gmt":"2013-11-06T23:28:52","slug":"adapt","status":"publish","type":"page","link":"http:\/\/facescouts.fr\/WordPressOndicap\/?page_id=276","title":{"rendered":"ADAPT"},"content":{"rendered":"<p><img loading=\"lazy\" decoding=\"async\" class=\"alignleft\" alt=\"\" src=\"http:\/\/www.ladapt.net\/sites\/default\/files\/affiche-ladapt-bleue.jpg\" width=\"205\" height=\"300\" \/><\/p>\n<p>L\u2019ADAPT est une association reconnue d\u2019utilit\u00e9 publique soumise \u00e0 la loi de 1901 sur les associations. Nous mettons en \u0153uvre une politique de d\u00e9veloppement des adh\u00e9rents et donateurs afin de rassembler de plus en plus de personnes sensibles \u00e0 notre cause et \u00e0 notre combat. Emmanuel Constans, pr\u00e9sident de L&rsquo;ADAPT<\/p>\n<p>L\u2019ADAPT, l\u2019association pour l\u2019insertion sociale et professionnelle des personnes handicap\u00e9es, est pr\u00e9sente dans toute la France avec plus de 100 \u00e9tablissements et services d\u2019accompagnement, de formation, d\u2019insertion, de scolarisation ou encore de soin.<\/p>\n<p>L\u2019ADAPT accueille chaque ann\u00e9e pr\u00e8s de 12 000 personnes handicap\u00e9es. L\u2019ADAPT n\u2019est jamais immobile. Elle organise depuis 1997 la Semaine pour l\u2019emploi des personnes handicap\u00e9es qui conna\u00eet un succ\u00e8s grandissant chaque ann\u00e9e.<\/p>\n<p>De plus, gr\u00e2ce aux b\u00e9n\u00e9voles de son R\u00e9seau des R\u00e9ussites, L\u2019ADAPT offre un v\u00e9ritable soutien citoyen aux personnes handicap\u00e9es dans leur recherche d\u2019emploi.<\/p>\n<p>Dans le cadre des orientations de son nouveau projet associatif, L\u2019ADAPT entend proposer des r\u00e9ponses innovantes aux besoins des personnes handicap\u00e9es pour faciliter \u00e0 chaque \u00e9tape de leur vie leur insertion sociale et professionnelle. L\u2019ADAPT reste fid\u00e8le \u00e0 sa mission d\u00e9but\u00e9e il y a plus de 80 ans : accompagner la personne handicap\u00e9e dans son combat ordinaire, celui de sa vie quotidienne, pour que, tous, nous puissions <strong><em>\u00ab\u00a0Vivre ensemble, \u00e9gaux et diff\u00e9rents\u00a0\u00bb<\/em> (projet associatif 2011-2015)<\/strong>.<\/p>\n<p>&nbsp;<\/p>\n<p>Pour en savoir plus : <a title=\"ADAPT\" href=\"http:\/\/www.ladapt.net\/\" target=\"_blank\">http:\/\/www.ladapt.net\/<\/a><\/p>\n","protected":false},"excerpt":{"rendered":"<p>L\u2019ADAPT est une association reconnue d\u2019utilit\u00e9 publique soumise \u00e0 la loi de 1901 sur les associations. Nous mettons en \u0153uvre une politique de d\u00e9veloppement des adh\u00e9rents et donateurs afin de rassembler de plus en plus de personnes sensibles \u00e0 notre cause et \u00e0 notre combat. Emmanuel Constans, pr\u00e9sident de L&rsquo;ADAPT L\u2019ADAPT, l\u2019association pour l\u2019insertion sociale [&hellip;]<\/p>\n","protected":false},"author":1,"featured_media":0,"parent":28,"menu_order":1,"comment_status":"closed","ping_status":"closed","template":"","meta":{"footnotes":""},"class_list":["post-276","page","type-page","status-publish","hentry"],"_links":{"self":[{"href":"http:\/\/facescouts.fr\/WordPressOndicap\/index.php?rest_route=\/wp\/v2\/pages\/276","targetHints":{"allow":["GET"]}}],"collection":[{"href":"http:\/\/facescouts.fr\/WordPressOndicap\/index.php?rest_route=\/wp\/v2\/pages"}],"about":[{"href":"http:\/\/facescouts.fr\/WordPressOndicap\/index.php?rest_route=\/wp\/v2\/types\/page"}],"author":[{"embeddable":true,"href":"http:\/\/facescouts.fr\/WordPressOndicap\/index.php?rest_route=\/wp\/v2\/users\/1"}],"replies":[{"embeddable":true,"href":"http:\/\/facescouts.fr\/WordPressOndicap\/index.php?rest_route=%2Fwp%2Fv2%2Fcomments&post=276"}],"version-history":[{"count":8,"href":"http:\/\/facescouts.fr\/WordPressOndicap\/index.php?rest_route=\/wp\/v2\/pages\/276\/revisions"}],"predecessor-version":[{"id":284,"href":"http:\/\/facescouts.fr\/WordPressOndicap\/index.php?rest_route=\/wp\/v2\/pages\/276\/revisions\/284"}],"up":[{"embeddable":true,"href":"http:\/\/facescouts.fr\/WordPressOndicap\/index.php?rest_route=\/wp\/v2\/pages\/28"}],"wp:attachment":[{"href":"http:\/\/facescouts.fr\/WordPressOndicap\/index.php?rest_route=%2Fwp%2Fv2%2Fmedia&parent=276"}],"curies":[{"name":"wp","href":"https:\/\/api.w.org\/{rel}","templated":true}]}}