{"id":290,"date":"2013-11-06T23:52:04","date_gmt":"2013-11-06T22:52:04","guid":{"rendered":"http:\/\/facescouts.fr\/WordPressOndicap\/?page_id=290"},"modified":"2013-11-28T21:29:08","modified_gmt":"2013-11-28T20:29:08","slug":"meuphine","status":"publish","type":"page","link":"http:\/\/facescouts.fr\/WordPressOndicap\/?page_id=290","title":{"rendered":"MEUPHINE"},"content":{"rendered":"<div>\n<div>\n<p><img loading=\"lazy\" decoding=\"async\" class=\"wp-image-291 alignleft\" alt=\"ASSOCIATION-MEUPHINE\" src=\"http:\/\/facescouts.fr\/WordPressOndicap\/wp-content\/uploads\/2013\/11\/ASSOCIATION-MEUPHINE.jpg\" width=\"301\" height=\"190\" srcset=\"http:\/\/facescouts.fr\/WordPressOndicap\/wp-content\/uploads\/2013\/11\/ASSOCIATION-MEUPHINE.jpg 627w, http:\/\/facescouts.fr\/WordPressOndicap\/wp-content\/uploads\/2013\/11\/ASSOCIATION-MEUPHINE-300x189.jpg 300w\" sizes=\"auto, (max-width: 301px) 100vw, 301px\" \/>Nous sommes trois mamans : <strong>Sandrine<\/strong>, <strong>Nadine<\/strong> et <strong>Nadia<\/strong>, \u00e2g\u00e9es de 30 \u00e0 40 ans, et nous avons toutes les trois un enfant handicap\u00e9 dans une m\u00eame <strong>CLIS <\/strong>(classe d&rsquo;int\u00e9gration scolaire).<\/p>\n<p>Lorsque nous avons constat\u00e9 toutes les difficult\u00e9s rencontr\u00e9es pour la scolarit\u00e9 de nos enfants, nous avons d\u00e9cid\u00e9 de mettre en commun notre \u00e9nergie, nos id\u00e9es pour pr\u00e9parer l&rsquo;avenir de ces enfants. C&rsquo;est ainsi que nous avons cr\u00e9\u00e9 l&rsquo;<strong>Association MEUPHINE<\/strong>.<\/p>\n<p><strong>Pourquoi MEUPHINE<\/strong> <strong>?<\/strong> Pierre le petit gar\u00e7on de Nadine que vous conna\u00eetrez un peu plus loin, avait des difficult\u00e9s pour prononcer le pr\u00e9nom de sa maitresse <strong>DELPHINE<\/strong>, il disait : \u00ab\u00a0<strong>MEUPHINE<\/strong>\u00ab\u00a0.<\/p>\n<p>Dans un premier temps, tous les autres enfants de la classe pronon\u00e7aient de la m\u00eame fa\u00e7on, ensuite les coll\u00e8gues de Delphine ont pris la rel\u00e8ve, jusqu&rsquo;\u00e0 son ami, qui, maintenant l&rsquo;appelle aussi MEUPHINE.<\/p>\n<p>C&rsquo;est pour remercier cette jeune femme sans exp\u00e9rience professionnelle et non qualifi\u00e9e, qui a su porter \u00e0 bout de bras pendant deux ann\u00e9es cette CLIS que nous avons d\u00e9cid\u00e9 d&rsquo;appeler notre association ainsi. Delphine a su gagner la confiance de nos enfants mais aussi leur a permis de se structurer et d&rsquo;aimer l&rsquo;\u00e9cole. Elle a \u00e9galement fourni un \u00e9norme travail au sein de l&rsquo;\u00e9tablissement scolaire en cr\u00e9ant des relations tr\u00e8s riches avec les autres enseignants.<\/p>\n<p>&nbsp;<\/p>\n<p>Pour en savoir plus : <a href=\"http:\/\/www.asso-meuphine.org\/\" target=\"_blank\">http:\/\/www.asso-meuphine.org\/<\/a><\/p>\n<\/div>\n<\/div>\n<p>&nbsp;<\/p>\n","protected":false},"excerpt":{"rendered":"<p>Nous sommes trois mamans : Sandrine, Nadine et Nadia, \u00e2g\u00e9es de 30 \u00e0 40 ans, et nous avons toutes les trois un enfant handicap\u00e9 dans une m\u00eame CLIS (classe d&rsquo;int\u00e9gration scolaire). Lorsque nous avons constat\u00e9 toutes les difficult\u00e9s rencontr\u00e9es pour la scolarit\u00e9 de nos enfants, nous avons d\u00e9cid\u00e9 de mettre en commun notre \u00e9nergie, nos [&hellip;]<\/p>\n","protected":false},"author":1,"featured_media":0,"parent":28,"menu_order":5,"comment_status":"closed","ping_status":"closed","template":"","meta":{"footnotes":""},"class_list":["post-290","page","type-page","status-publish","hentry"],"_links":{"self":[{"href":"http:\/\/facescouts.fr\/WordPressOndicap\/index.php?rest_route=\/wp\/v2\/pages\/290","targetHints":{"allow":["GET"]}}],"collection":[{"href":"http:\/\/facescouts.fr\/WordPressOndicap\/index.php?rest_route=\/wp\/v2\/pages"}],"about":[{"href":"http:\/\/facescouts.fr\/WordPressOndicap\/index.php?rest_route=\/wp\/v2\/types\/page"}],"author":[{"embeddable":true,"href":"http:\/\/facescouts.fr\/WordPressOndicap\/index.php?rest_route=\/wp\/v2\/users\/1"}],"replies":[{"embeddable":true,"href":"http:\/\/facescouts.fr\/WordPressOndicap\/index.php?rest_route=%2Fwp%2Fv2%2Fcomments&post=290"}],"version-history":[{"count":8,"href":"http:\/\/facescouts.fr\/WordPressOndicap\/index.php?rest_route=\/wp\/v2\/pages\/290\/revisions"}],"predecessor-version":[{"id":370,"href":"http:\/\/facescouts.fr\/WordPressOndicap\/index.php?rest_route=\/wp\/v2\/pages\/290\/revisions\/370"}],"up":[{"embeddable":true,"href":"http:\/\/facescouts.fr\/WordPressOndicap\/index.php?rest_route=\/wp\/v2\/pages\/28"}],"wp:attachment":[{"href":"http:\/\/facescouts.fr\/WordPressOndicap\/index.php?rest_route=%2Fwp%2Fv2%2Fmedia&parent=290"}],"curies":[{"name":"wp","href":"https:\/\/api.w.org\/{rel}","templated":true}]}}