{"id":363,"date":"2013-11-28T21:22:17","date_gmt":"2013-11-28T20:22:17","guid":{"rendered":"http:\/\/facescouts.fr\/WordPressOndicap\/?page_id=363"},"modified":"2013-11-29T00:00:05","modified_gmt":"2013-11-28T23:00:05","slug":"aede","status":"publish","type":"page","link":"http:\/\/facescouts.fr\/WordPressOndicap\/?page_id=363","title":{"rendered":"AEDE"},"content":{"rendered":"<p><a href=\"http:\/\/facescouts.fr\/WordPressOndicap\/village\/aede\/logo_2\/#main\" rel=\"attachment wp-att-361\"><img loading=\"lazy\" decoding=\"async\" class=\"size-full wp-image-361 alignleft\" alt=\"logo_2\" src=\"http:\/\/facescouts.fr\/WordPressOndicap\/wp-content\/uploads\/2013\/11\/logo_2.png\" width=\"220\" height=\"160\" \/><\/a>Fond\u00e9e en 1954, l\u2019AEDE est au service des personnes adultes en situation de handicap. Elle g\u00e8re des \u00e9tablissements et des services divers dont la mission est de r\u00e9pondre au plus pr\u00e8s des besoins des personnes accompagn\u00e9es et dont le handicap est li\u00e9 \u00e0 un d\u00e9ficit intellectuel, \u00e0 des troubles psychiques ou \u00e0 un polyhandicap.<\/p>\n<p>En parcourant notre site vous d\u00e9couvrirez des lieux de vie et de travail ainsi que des services d\u2019accompagnement et de soin \u00e0 domicile situ\u00e9s en Seine-et-Marne et en Seine-Saint-Denis.<\/p>\n<p>Nos ESAT (\u00c9tablissements et Services d\u2019Aide par le Travail) proposent des prestations sur mesure de qualit\u00e9. Ceux-ci accueillent pr\u00e8s de 400 travailleurs qui ont d\u00e9velopp\u00e9 des comp\u00e9tences techniques bien reconnues par nos partenaires. Ils s\u2019inscrivent dans une d\u00e9marche citoyenne qui vise l\u2019\u00e9galit\u00e9 des chances et le respect des diff\u00e9rences. En travaillant avec nous, vous r\u00e9pondrez \u00e9galement \u00e0 vos obligations d\u2019emploi de travailleurs handicap\u00e9s.<\/p>\n<p>Jo\u00ebl Haldemann<br \/>\nPr\u00e9sident<\/p>\n<p>&nbsp;<\/p>\n<p>Pour en savoir plus : <a title=\"AEDE\" href=\"http:\/\/www.aede.fr\" target=\"_blank\">http:\/\/www.aede.fr<\/a><\/p>\n","protected":false},"excerpt":{"rendered":"<p>Fond\u00e9e en 1954, l\u2019AEDE est au service des personnes adultes en situation de handicap. Elle g\u00e8re des \u00e9tablissements et des services divers dont la mission est de r\u00e9pondre au plus pr\u00e8s des besoins des personnes accompagn\u00e9es et dont le handicap est li\u00e9 \u00e0 un d\u00e9ficit intellectuel, \u00e0 des troubles psychiques ou \u00e0 un polyhandicap. En [&hellip;]<\/p>\n","protected":false},"author":1,"featured_media":0,"parent":28,"menu_order":2,"comment_status":"closed","ping_status":"closed","template":"","meta":{"footnotes":""},"class_list":["post-363","page","type-page","status-publish","hentry"],"_links":{"self":[{"href":"http:\/\/facescouts.fr\/WordPressOndicap\/index.php?rest_route=\/wp\/v2\/pages\/363","targetHints":{"allow":["GET"]}}],"collection":[{"href":"http:\/\/facescouts.fr\/WordPressOndicap\/index.php?rest_route=\/wp\/v2\/pages"}],"about":[{"href":"http:\/\/facescouts.fr\/WordPressOndicap\/index.php?rest_route=\/wp\/v2\/types\/page"}],"author":[{"embeddable":true,"href":"http:\/\/facescouts.fr\/WordPressOndicap\/index.php?rest_route=\/wp\/v2\/users\/1"}],"replies":[{"embeddable":true,"href":"http:\/\/facescouts.fr\/WordPressOndicap\/index.php?rest_route=%2Fwp%2Fv2%2Fcomments&post=363"}],"version-history":[{"count":5,"href":"http:\/\/facescouts.fr\/WordPressOndicap\/index.php?rest_route=\/wp\/v2\/pages\/363\/revisions"}],"predecessor-version":[{"id":374,"href":"http:\/\/facescouts.fr\/WordPressOndicap\/index.php?rest_route=\/wp\/v2\/pages\/363\/revisions\/374"}],"up":[{"embeddable":true,"href":"http:\/\/facescouts.fr\/WordPressOndicap\/index.php?rest_route=\/wp\/v2\/pages\/28"}],"wp:attachment":[{"href":"http:\/\/facescouts.fr\/WordPressOndicap\/index.php?rest_route=%2Fwp%2Fv2%2Fmedia&parent=363"}],"curies":[{"name":"wp","href":"https:\/\/api.w.org\/{rel}","templated":true}]}}