{"id":521,"date":"2013-12-20T19:33:00","date_gmt":"2013-12-20T18:33:00","guid":{"rendered":"http:\/\/facescouts.fr\/WordPressOndicap\/?page_id=521"},"modified":"2013-12-20T19:33:00","modified_gmt":"2013-12-20T18:33:00","slug":"le-village","status":"publish","type":"page","link":"http:\/\/facescouts.fr\/WordPressOndicap\/?page_id=521","title":{"rendered":"Le village"},"content":{"rendered":"<p>14h00 &#8211; 17h00 : la course de caisses \u00e0 savon. Qui fera le plus de tours ? Qui aura la plus belle caisse \u00e0 savon ?<\/p>\n<p><iframe loading=\"lazy\" title=\"Onditcapoupas! La course de caisses \u00e0 savon\" width=\"960\" height=\"540\" src=\"https:\/\/www.youtube.com\/embed\/3scx_zkNqUw?feature=oembed\" frameborder=\"0\" allow=\"accelerometer; autoplay; clipboard-write; encrypted-media; gyroscope; picture-in-picture; web-share\" referrerpolicy=\"strict-origin-when-cross-origin\" allowfullscreen><\/iframe><\/p>\n<p>En live<\/p>\n<p><iframe loading=\"lazy\" title=\"Onditcapoupas! La course de caisses \u00e0 savon\" width=\"960\" height=\"540\" src=\"https:\/\/www.youtube.com\/embed\/eYkIDHlQIzc?feature=oembed\" frameborder=\"0\" allow=\"accelerometer; autoplay; clipboard-write; encrypted-media; gyroscope; picture-in-picture; web-share\" referrerpolicy=\"strict-origin-when-cross-origin\" allowfullscreen><\/iframe><\/p>\n<p>14h00 &#8211; 17h00 : Le village, la solidarit\u00e9 \u00e0 travers les jeux.<\/p>\n<p><iframe loading=\"lazy\" title=\"Onditcapoupas! Le village\" width=\"960\" height=\"540\" src=\"https:\/\/www.youtube.com\/embed\/tGNmj7XKb9U?feature=oembed\" frameborder=\"0\" allow=\"accelerometer; autoplay; clipboard-write; encrypted-media; gyroscope; picture-in-picture; web-share\" referrerpolicy=\"strict-origin-when-cross-origin\" allowfullscreen><\/iframe><\/p>\n<p>et les interviews par nos Pios<\/p>\n<p><iframe loading=\"lazy\" title=\"Onditcapoupas! Interview 1\" width=\"960\" height=\"540\" src=\"https:\/\/www.youtube.com\/embed\/zGVq5xC1rnA?feature=oembed\" frameborder=\"0\" allow=\"accelerometer; autoplay; clipboard-write; encrypted-media; gyroscope; picture-in-picture; web-share\" referrerpolicy=\"strict-origin-when-cross-origin\" allowfullscreen><\/iframe><\/p>\n<p><iframe loading=\"lazy\" title=\"Onditcapoupas! Interview 2\" width=\"960\" height=\"540\" src=\"https:\/\/www.youtube.com\/embed\/6wzJdzit20g?feature=oembed\" frameborder=\"0\" allow=\"accelerometer; autoplay; clipboard-write; encrypted-media; gyroscope; picture-in-picture; web-share\" referrerpolicy=\"strict-origin-when-cross-origin\" allowfullscreen><\/iframe><\/p>\n<p><iframe loading=\"lazy\" title=\"Onditcapoupas! Interview 3\" width=\"960\" height=\"540\" src=\"https:\/\/www.youtube.com\/embed\/je8L7JIMabw?feature=oembed\" frameborder=\"0\" allow=\"accelerometer; autoplay; clipboard-write; encrypted-media; gyroscope; picture-in-picture; web-share\" referrerpolicy=\"strict-origin-when-cross-origin\" allowfullscreen><\/iframe><\/p>\n<p>&nbsp;<\/p>\n","protected":false},"excerpt":{"rendered":"<p>14h00 &#8211; 17h00 : la course de caisses \u00e0 savon. Qui fera le plus de tours ? Qui aura la plus belle caisse \u00e0 savon ? En live 14h00 &#8211; 17h00 : Le village, la solidarit\u00e9 \u00e0 travers les jeux. et les interviews par nos Pios &nbsp;<\/p>\n","protected":false},"author":1,"featured_media":0,"parent":424,"menu_order":0,"comment_status":"closed","ping_status":"open","template":"","meta":{"footnotes":""},"class_list":["post-521","page","type-page","status-publish","hentry"],"_links":{"self":[{"href":"http:\/\/facescouts.fr\/WordPressOndicap\/index.php?rest_route=\/wp\/v2\/pages\/521","targetHints":{"allow":["GET"]}}],"collection":[{"href":"http:\/\/facescouts.fr\/WordPressOndicap\/index.php?rest_route=\/wp\/v2\/pages"}],"about":[{"href":"http:\/\/facescouts.fr\/WordPressOndicap\/index.php?rest_route=\/wp\/v2\/types\/page"}],"author":[{"embeddable":true,"href":"http:\/\/facescouts.fr\/WordPressOndicap\/index.php?rest_route=\/wp\/v2\/users\/1"}],"replies":[{"embeddable":true,"href":"http:\/\/facescouts.fr\/WordPressOndicap\/index.php?rest_route=%2Fwp%2Fv2%2Fcomments&post=521"}],"version-history":[{"count":2,"href":"http:\/\/facescouts.fr\/WordPressOndicap\/index.php?rest_route=\/wp\/v2\/pages\/521\/revisions"}],"predecessor-version":[{"id":530,"href":"http:\/\/facescouts.fr\/WordPressOndicap\/index.php?rest_route=\/wp\/v2\/pages\/521\/revisions\/530"}],"up":[{"embeddable":true,"href":"http:\/\/facescouts.fr\/WordPressOndicap\/index.php?rest_route=\/wp\/v2\/pages\/424"}],"wp:attachment":[{"href":"http:\/\/facescouts.fr\/WordPressOndicap\/index.php?rest_route=%2Fwp%2Fv2%2Fmedia&parent=521"}],"curies":[{"name":"wp","href":"https:\/\/api.w.org\/{rel}","templated":true}]}}