{"id":59,"date":"2013-09-14T18:53:05","date_gmt":"2013-09-14T16:53:05","guid":{"rendered":"http:\/\/facescouts.fr\/WordPressOndicap\/?page_id=59"},"modified":"2013-09-26T23:36:06","modified_gmt":"2013-09-26T21:36:06","slug":"reglementation","status":"publish","type":"page","link":"http:\/\/facescouts.fr\/WordPressOndicap\/?page_id=59","title":{"rendered":"R\u00e9glement"},"content":{"rendered":"<h2><span style=\"color: #99cc00;\">Principe\u00a0:<\/span><\/h2>\n<ul>\n<li>Chaque groupe constitue une \u00e9curie constitu\u00e9e de 1 \u00e0 3 caisses \u00e0 Savon et son stand dans les contre-all\u00e9es. Les stands seront d\u2019une largeur maximum de 3m.<\/li>\n<li>La caisse \u00e0 savon avec son conducteur est pouss\u00e9e par un ou deux co-pilotes sur une route ferm\u00e9e \u00e0 la circulation avec un l\u00e9ger dos d&rsquo;\u00e2ne.<\/li>\n<li>La notion de handicap (volontaire ou pas\u00a0: yeux band\u00e9s du chauffeur ou pousseur(s), personnes handicap\u00e9s, etc\u2026) est favoris\u00e9 dans l\u2019attribution de points.<\/li>\n<li>Un jury attribuera \u00e9galement des points pour la d\u00e9coration des caisse \u00e0 savons (concours de beaut\u00e9).<\/li>\n<li>Les diff\u00e9rentes \u00e9curies ont pour objectifs de collecter des fonds aupr\u00e8s de leur entourage local en amont (mode Virade\u00a0: en fonction du nombre de tour r\u00e9alis\u00e9) pour le financement d\u2019un des projets propos\u00e9s par l&rsquo;organisation.<\/li>\n<li>Obligation d\u2019assurer un relais de pousseur et conducteur tous les 2 tours<\/li>\n<li>Obligation d\u2019op\u00e9rer un changement de roue chronom\u00e9tr\u00e9 (concours)<\/li>\n<\/ul>\n<p><em><strong>Un commissaire au course v\u00e9rifiera avant le d\u00e9part le bon respect des r\u00e8gles de construction, ainsi que les comportements non fairplay pendant la course. \u00c9ventuellement une exclusion de l&rsquo;\u00e9curie pourra \u00eatre prononc\u00e9e.<\/strong> <\/em><\/p>\n<h2><span style=\"color: #99cc00;\">Caisse \u00e0 savon type\u00a0:<\/span><\/h2>\n<p>R\u00e8glement technique de construction<\/p>\n<p><i><span style=\"text-decoration: underline;\">D\u00e9finition<br \/>\n<\/span><\/i>Une caisse \u00e0 savon est un v\u00e9hicule pouss\u00e9e monoplace ou biplace \u00e0 4 roues (dont les 2 avant sont directrices). Un poids maximal du v\u00e9hicule \u00e0 vide est impos\u00e9 : environ 70 kg. Si le v\u00e9hicule est \u00e9quip\u00e9 d&rsquo;un volant, il devra obligatoirement \u00eatre de forme ferm\u00e9e.<\/p>\n<p><i><span style=\"text-decoration: underline;\">Le ch\u00e2ssis<br \/>\n<\/span><\/i>Conception totalement libre<\/p>\n<ul>\n<li>Longueur maximale 200 cm<\/li>\n<li>Largeur maximale 100 cm<\/li>\n<li>Empattement (distance entre les roues avant et arri\u00e8re) 60 cm mini et 100cm maxi<\/li>\n<li>La voie (distance entre la roue droite et la roue gauche) 60 cm mini et 100cm maxi<\/li>\n<li>Garde au sol (distance entre le sol et le ch\u00e2ssis) 10 cm mini attention dos d\u2019\u00e2ne sur la route et 30 cm max<\/li>\n<li>Angle de braquage\u00a0: 1 m<\/li>\n<\/ul>\n<p><i><span style=\"text-decoration: underline;\">Roue<br \/>\n<\/span><\/i>De 15 cm \u00e0 30 cm, bandage caoutchouc obligatoire.<\/p>\n<p><em><span style=\"text-decoration: underline;\">Carrosserie<\/span><\/em><\/p>\n<p>Toutes formes autoris\u00e9es m\u00eame les plus folles. Elle devra obligatoirement \u00eatre de forme ouverte pour l&rsquo;extraction rapide du pilote.<br \/>\nSont interdit : angles saillants ou coupants, piques, mat\u00e9riaux cassants ( verres &#8230;)<br \/>\nProtection lat\u00e9rale au niveau du pilote d&rsquo;une hauteur de 20 cm minimum obligatoire.<br \/>\nLes protections en caoutchouc sont vivement conseill\u00e9es sur les fines \u00e9paisseurs de carrosserie.<\/p>\n<p><i><span style=\"text-decoration: underline;\">\u00c9quipement<br \/>\n<\/span><\/i>le port du casque est OBLIGATOIRE ET ATTACHE pour le(s) pousseur(s) et le conducteur, il pourra \u00eatre de moto, v\u00e9lo ou ski. Le pantalon et manches longues, ainsi que les chaussures ferm\u00e9es et les gants sont obligatoires. Il est aussi conseill\u00e9 le port de protection pour les coudes et genoux des pousseurs<\/p>\n<p><b><i>Les d\u00e9guisements d&rsquo;accompagnement sont les bienvenus.<\/i><\/b><\/p>\n<p>&nbsp;<\/p>\n","protected":false},"excerpt":{"rendered":"<p>Principe\u00a0: Chaque groupe constitue une \u00e9curie constitu\u00e9e de 1 \u00e0 3 caisses \u00e0 Savon et son stand dans les contre-all\u00e9es. Les stands seront d\u2019une largeur maximum de 3m. La caisse \u00e0 savon avec son conducteur est pouss\u00e9e par un ou deux co-pilotes sur une route ferm\u00e9e \u00e0 la circulation avec un l\u00e9ger dos d&rsquo;\u00e2ne. La [&hellip;]<\/p>\n","protected":false},"author":1,"featured_media":0,"parent":199,"menu_order":2,"comment_status":"closed","ping_status":"closed","template":"","meta":{"footnotes":""},"class_list":["post-59","page","type-page","status-publish","hentry"],"_links":{"self":[{"href":"http:\/\/facescouts.fr\/WordPressOndicap\/index.php?rest_route=\/wp\/v2\/pages\/59","targetHints":{"allow":["GET"]}}],"collection":[{"href":"http:\/\/facescouts.fr\/WordPressOndicap\/index.php?rest_route=\/wp\/v2\/pages"}],"about":[{"href":"http:\/\/facescouts.fr\/WordPressOndicap\/index.php?rest_route=\/wp\/v2\/types\/page"}],"author":[{"embeddable":true,"href":"http:\/\/facescouts.fr\/WordPressOndicap\/index.php?rest_route=\/wp\/v2\/users\/1"}],"replies":[{"embeddable":true,"href":"http:\/\/facescouts.fr\/WordPressOndicap\/index.php?rest_route=%2Fwp%2Fv2%2Fcomments&post=59"}],"version-history":[{"count":9,"href":"http:\/\/facescouts.fr\/WordPressOndicap\/index.php?rest_route=\/wp\/v2\/pages\/59\/revisions"}],"predecessor-version":[{"id":195,"href":"http:\/\/facescouts.fr\/WordPressOndicap\/index.php?rest_route=\/wp\/v2\/pages\/59\/revisions\/195"}],"up":[{"embeddable":true,"href":"http:\/\/facescouts.fr\/WordPressOndicap\/index.php?rest_route=\/wp\/v2\/pages\/199"}],"wp:attachment":[{"href":"http:\/\/facescouts.fr\/WordPressOndicap\/index.php?rest_route=%2Fwp%2Fv2%2Fmedia&parent=59"}],"curies":[{"name":"wp","href":"https:\/\/api.w.org\/{rel}","templated":true}]}}