{"id":61,"date":"2013-09-14T18:53:22","date_gmt":"2013-09-14T16:53:22","guid":{"rendered":"http:\/\/facescouts.fr\/WordPressOndicap\/?page_id=61"},"modified":"2013-09-26T16:51:58","modified_gmt":"2013-09-26T14:51:58","slug":"plan","status":"publish","type":"page","link":"http:\/\/facescouts.fr\/WordPressOndicap\/?page_id=61","title":{"rendered":"Caisse \u00e0 savon"},"content":{"rendered":"<p>L\u2019objectif est de construire \u00e0 moindre co\u00fbt et rapidement une caisse \u00e0 savon. Vous trouverez ci-dessous un plan \u00e0 titre d&rsquo;exemple de caisse \u00e0 savon et le budget pr\u00e9visionnel pour la construction.<\/p>\n<h2>\u00a0<span style=\"color: #99cc00;\"><b>Mat\u00e9riel n\u00e9cessaire\u00a0:<\/b><\/span><\/h2>\n<ul>\n<li>1 planche d\u2019agglom\u00e9r\u00e9 \u00e9paisseur 18mm, dimension 80cm x 60cm<\/li>\n<li>1 lambourde (axe centrale)\u00a0: longueur 150cm, \u00e9paisseur 3,8cm, largeur 8cm<\/li>\n<li>2 lambourdes (barre de direction avant et de pouss\u00e9e arri\u00e8re)\u00a0: longueur 60cm, \u00e9paisseur 3,8cm, largeur 8cm<\/li>\n<li>4 tasseaux lat\u00e9raux\u00a0: longueur 70cm, \u00e9paisseur 2,5cm, largeur 2,5cm<\/li>\n<li>1 tasseau renfort barre de pouss\u00e9e\u00a0: longueur 60cm, \u00e9paisseur 2,5cm, largeur 2,5cm<\/li>\n<li>4 roues diam\u00e8tre de 20cm<\/li>\n<li>1 tige filet\u00e9 diam\u00e8tre 10 \u00e0 12mm pour l\u2019axe de direction et pour la fixation des roues<\/li>\n<li>Visserie bois et \u00e9crous<\/li>\n<li>1 si\u00e8ge<\/li>\n<\/ul>\n<h2><span style=\"color: #99cc00;\"><b>Budget<\/b><\/span><\/h2>\n<p>(relev\u00e9 en grande surface de bricolage) : 45,00 \u20ac<\/p>\n<h2><span style=\"color: #99cc00;\"><b>Temps de montage\u00a0:<\/b><\/span><\/h2>\n<p>1 heure pour 3 personnes.<\/p>\n<h2><span style=\"color: #99cc00;\"><b>Photos du prototype\u00a0:<\/b><\/span><\/h2>\n<p>&nbsp;<\/p>\n<p style=\"text-align: center;\"><a href=\"http:\/\/facescouts.fr\/WordPressOndicap\/programme\/plan\/proto02\/#main\" rel=\"attachment wp-att-186\"><img loading=\"lazy\" decoding=\"async\" class=\"size-medium wp-image-186 aligncenter\" alt=\"proto02\" src=\"http:\/\/facescouts.fr\/WordPressOndicap\/wp-content\/uploads\/2013\/09\/proto02-300x185.jpg\" width=\"300\" height=\"185\" srcset=\"http:\/\/facescouts.fr\/WordPressOndicap\/wp-content\/uploads\/2013\/09\/proto02-300x185.jpg 300w, http:\/\/facescouts.fr\/WordPressOndicap\/wp-content\/uploads\/2013\/09\/proto02.jpg 310w\" sizes=\"auto, (max-width: 300px) 100vw, 300px\" \/><\/a><\/p>\n<p style=\"text-align: center;\">\u00a0 <a href=\"http:\/\/facescouts.fr\/WordPressOndicap\/programme\/plan\/proto01\/#main\" rel=\"attachment wp-att-187\"><img loading=\"lazy\" decoding=\"async\" class=\"alignnone size-medium wp-image-187\" alt=\"proto01\" src=\"http:\/\/facescouts.fr\/WordPressOndicap\/wp-content\/uploads\/2013\/09\/proto01-225x300.jpg\" width=\"225\" height=\"300\" srcset=\"http:\/\/facescouts.fr\/WordPressOndicap\/wp-content\/uploads\/2013\/09\/proto01-225x300.jpg 225w, http:\/\/facescouts.fr\/WordPressOndicap\/wp-content\/uploads\/2013\/09\/proto01.jpg 266w\" sizes=\"auto, (max-width: 225px) 100vw, 225px\" \/><\/a><\/p>\n<h2><\/h2>\n<h2><span style=\"color: #99cc00;\"><b>Les plans en 3D:<\/b><\/span><\/h2>\n<p><a href=\"http:\/\/facescouts.fr\/WordPressOndicap\/programme\/plan\/planproto04\/#main\" rel=\"attachment wp-att-188\"><img loading=\"lazy\" decoding=\"async\" class=\"alignnone size-medium wp-image-188\" alt=\"planproto04\" src=\"http:\/\/facescouts.fr\/WordPressOndicap\/wp-content\/uploads\/2013\/09\/planproto04-300x212.jpg\" width=\"300\" height=\"212\" srcset=\"http:\/\/facescouts.fr\/WordPressOndicap\/wp-content\/uploads\/2013\/09\/planproto04-300x212.jpg 300w, http:\/\/facescouts.fr\/WordPressOndicap\/wp-content\/uploads\/2013\/09\/planproto04.jpg 602w\" sizes=\"auto, (max-width: 300px) 100vw, 300px\" \/><\/a> <a href=\"http:\/\/facescouts.fr\/WordPressOndicap\/programme\/plan\/planproto01\/#main\" rel=\"attachment wp-att-189\"><img loading=\"lazy\" decoding=\"async\" class=\"alignnone size-medium wp-image-189\" alt=\"planproto01\" src=\"http:\/\/facescouts.fr\/WordPressOndicap\/wp-content\/uploads\/2013\/09\/planproto01-300x214.jpg\" width=\"300\" height=\"214\" srcset=\"http:\/\/facescouts.fr\/WordPressOndicap\/wp-content\/uploads\/2013\/09\/planproto01-300x214.jpg 300w, http:\/\/facescouts.fr\/WordPressOndicap\/wp-content\/uploads\/2013\/09\/planproto01.jpg 601w\" sizes=\"auto, (max-width: 300px) 100vw, 300px\" \/><\/a> <a href=\"http:\/\/facescouts.fr\/WordPressOndicap\/programme\/plan\/planproto02\/#main\" rel=\"attachment wp-att-190\"><img loading=\"lazy\" decoding=\"async\" class=\"alignnone size-medium wp-image-190\" alt=\"planproto02\" src=\"http:\/\/facescouts.fr\/WordPressOndicap\/wp-content\/uploads\/2013\/09\/planproto02-300x124.jpg\" width=\"300\" height=\"124\" srcset=\"http:\/\/facescouts.fr\/WordPressOndicap\/wp-content\/uploads\/2013\/09\/planproto02-300x124.jpg 300w, http:\/\/facescouts.fr\/WordPressOndicap\/wp-content\/uploads\/2013\/09\/planproto02.jpg 600w\" sizes=\"auto, (max-width: 300px) 100vw, 300px\" \/><\/a> <a href=\"http:\/\/facescouts.fr\/WordPressOndicap\/programme\/plan\/planproto03\/#main\" rel=\"attachment wp-att-191\"><img loading=\"lazy\" decoding=\"async\" class=\"alignnone size-medium wp-image-191\" alt=\"planproto03\" src=\"http:\/\/facescouts.fr\/WordPressOndicap\/wp-content\/uploads\/2013\/09\/planproto03-300x160.jpg\" width=\"300\" height=\"160\" srcset=\"http:\/\/facescouts.fr\/WordPressOndicap\/wp-content\/uploads\/2013\/09\/planproto03-300x160.jpg 300w, http:\/\/facescouts.fr\/WordPressOndicap\/wp-content\/uploads\/2013\/09\/planproto03.jpg 601w\" sizes=\"auto, (max-width: 300px) 100vw, 300px\" \/><\/a><\/p>\n<p>&nbsp;<\/p>\n<p>&nbsp;<\/p>\n<p>&nbsp;<\/p>\n","protected":false},"excerpt":{"rendered":"<p>L\u2019objectif est de construire \u00e0 moindre co\u00fbt et rapidement une caisse \u00e0 savon. Vous trouverez ci-dessous un plan \u00e0 titre d&rsquo;exemple de caisse \u00e0 savon et le budget pr\u00e9visionnel pour la construction. \u00a0Mat\u00e9riel n\u00e9cessaire\u00a0: 1 planche d\u2019agglom\u00e9r\u00e9 \u00e9paisseur 18mm, dimension 80cm x 60cm 1 lambourde (axe centrale)\u00a0: longueur 150cm, \u00e9paisseur 3,8cm, largeur 8cm 2 lambourdes [&hellip;]<\/p>\n","protected":false},"author":1,"featured_media":0,"parent":199,"menu_order":1,"comment_status":"closed","ping_status":"closed","template":"","meta":{"footnotes":""},"class_list":["post-61","page","type-page","status-publish","hentry"],"_links":{"self":[{"href":"http:\/\/facescouts.fr\/WordPressOndicap\/index.php?rest_route=\/wp\/v2\/pages\/61","targetHints":{"allow":["GET"]}}],"collection":[{"href":"http:\/\/facescouts.fr\/WordPressOndicap\/index.php?rest_route=\/wp\/v2\/pages"}],"about":[{"href":"http:\/\/facescouts.fr\/WordPressOndicap\/index.php?rest_route=\/wp\/v2\/types\/page"}],"author":[{"embeddable":true,"href":"http:\/\/facescouts.fr\/WordPressOndicap\/index.php?rest_route=\/wp\/v2\/users\/1"}],"replies":[{"embeddable":true,"href":"http:\/\/facescouts.fr\/WordPressOndicap\/index.php?rest_route=%2Fwp%2Fv2%2Fcomments&post=61"}],"version-history":[{"count":14,"href":"http:\/\/facescouts.fr\/WordPressOndicap\/index.php?rest_route=\/wp\/v2\/pages\/61\/revisions"}],"predecessor-version":[{"id":212,"href":"http:\/\/facescouts.fr\/WordPressOndicap\/index.php?rest_route=\/wp\/v2\/pages\/61\/revisions\/212"}],"up":[{"embeddable":true,"href":"http:\/\/facescouts.fr\/WordPressOndicap\/index.php?rest_route=\/wp\/v2\/pages\/199"}],"wp:attachment":[{"href":"http:\/\/facescouts.fr\/WordPressOndicap\/index.php?rest_route=%2Fwp%2Fv2%2Fmedia&parent=61"}],"curies":[{"name":"wp","href":"https:\/\/api.w.org\/{rel}","templated":true}]}}