{"id":64,"date":"2013-09-14T18:54:11","date_gmt":"2013-09-14T16:54:11","guid":{"rendered":"http:\/\/facescouts.fr\/WordPressOndicap\/?page_id=64"},"modified":"2013-11-06T23:33:32","modified_gmt":"2013-11-06T22:33:32","slug":"asso-1","status":"publish","type":"page","link":"http:\/\/facescouts.fr\/WordPressOndicap\/?page_id=64","title":{"rendered":"Association"},"content":{"rendered":"<p>Vous voulez participer \u00e0 l&rsquo;\u00e9v\u00e8nement ?<\/p>\n<p>Vous voulez animer le village ?<\/p>\n<p>Vous voulez tenir un stand ?<\/p>\n<p>N&rsquo;h\u00e9sitez pas \u00e0 prendre contact et cliquez sur la page \u00ab\u00a0contact\u00a0\u00bb<\/p>\n","protected":false},"excerpt":{"rendered":"<p>Vous voulez participer \u00e0 l&rsquo;\u00e9v\u00e8nement ? Vous voulez animer le village ? Vous voulez tenir un stand ? N&rsquo;h\u00e9sitez pas \u00e0 prendre contact et cliquez sur la page \u00ab\u00a0contact\u00a0\u00bb<\/p>\n","protected":false},"author":1,"featured_media":0,"parent":28,"menu_order":99,"comment_status":"closed","ping_status":"open","template":"","meta":{"footnotes":""},"class_list":["post-64","page","type-page","status-publish","hentry"],"_links":{"self":[{"href":"http:\/\/facescouts.fr\/WordPressOndicap\/index.php?rest_route=\/wp\/v2\/pages\/64","targetHints":{"allow":["GET"]}}],"collection":[{"href":"http:\/\/facescouts.fr\/WordPressOndicap\/index.php?rest_route=\/wp\/v2\/pages"}],"about":[{"href":"http:\/\/facescouts.fr\/WordPressOndicap\/index.php?rest_route=\/wp\/v2\/types\/page"}],"author":[{"embeddable":true,"href":"http:\/\/facescouts.fr\/WordPressOndicap\/index.php?rest_route=\/wp\/v2\/users\/1"}],"replies":[{"embeddable":true,"href":"http:\/\/facescouts.fr\/WordPressOndicap\/index.php?rest_route=%2Fwp%2Fv2%2Fcomments&post=64"}],"version-history":[{"count":5,"href":"http:\/\/facescouts.fr\/WordPressOndicap\/index.php?rest_route=\/wp\/v2\/pages\/64\/revisions"}],"predecessor-version":[{"id":267,"href":"http:\/\/facescouts.fr\/WordPressOndicap\/index.php?rest_route=\/wp\/v2\/pages\/64\/revisions\/267"}],"up":[{"embeddable":true,"href":"http:\/\/facescouts.fr\/WordPressOndicap\/index.php?rest_route=\/wp\/v2\/pages\/28"}],"wp:attachment":[{"href":"http:\/\/facescouts.fr\/WordPressOndicap\/index.php?rest_route=%2Fwp%2Fv2%2Fmedia&parent=64"}],"curies":[{"name":"wp","href":"https:\/\/api.w.org\/{rel}","templated":true}]}}