{"id":9,"date":"2013-09-14T10:36:21","date_gmt":"2013-09-14T08:36:21","guid":{"rendered":"http:\/\/facescouts.fr\/WordPressOndicap\/?page_id=9"},"modified":"2016-11-20T18:42:59","modified_gmt":"2016-11-20T17:42:59","slug":"accueil","status":"publish","type":"page","link":"http:\/\/facescouts.fr\/WordPressOndicap\/","title":{"rendered":"Accueil"},"content":{"rendered":"<h2>\u00a0<span style=\"color: #808000;\">On dit cap ou pas ! : un jour, un \u00e9v\u00e8nement<\/span><\/h2>\n<p>La diff\u00e9rence ne se discute pas, elle permet de se rencontrer . Ce sont les actions fraternelles qui forgent une communaut\u00e9. Au cours de cette journ\u00e9e, chaque participants fera l&rsquo;exp\u00e9rience de la diff\u00e9rence \u00e0 travers des d\u00e9fis sportifs et des rencontres au sein d&rsquo;un village handicap.<\/p>\n<h2><span style=\"color: #808000;\">Une f\u00eate autour du Handicap<\/span><\/h2>\n<p>Des d\u00e9fis sportifs (\u00e9preuves handisport, d\u00e9fi caisse \u00e0 savon, etc\u2026) et des rencontres au sein du village \u00ab\u00a0handicap\u00a0\u00bb, permettront au jeunes de d\u00e9couvrir l&rsquo;autre dans sa diff\u00e9rence. Cette journ\u00e9e se conclura autour d&rsquo;un concert ponctu\u00e9 de t\u00e9moignages de jeunes vivant le handicap.<\/p>\n<h2><span style=\"color: #808000;\">La rencontre des communaut\u00e9s<\/span><\/h2>\n<p>Cette journ\u00e9e permettra \u00e9galement l&rsquo;\u00e9change et la communication de jeunes issus de diff\u00e9rentes communaut\u00e9s culturelles et religieuses. Constitu\u00e9 en \u00e9quipe, ils rel\u00e8veront des d\u00e9fis dans le but de r\u00e9colter des fonds pour r\u00e9pondre aux besoins de jeunes en situation de handicap.<\/p>\n<h2><span style=\"color: #808000;\">L\u2019action de solidarit\u00e9<\/span><\/h2>\n<p>Chaque \u00e9quipe partira \u00e0 la recherche de sponsors qui parraineront chaque d\u00e9fi relev\u00e9 par les jeunes. Les fonds ainsi r\u00e9colt\u00e9s financeront les projets \u00ab\u00a0on dit cap ou pas ! \u00a0\u00bb .<\/p>\n<p><img loading=\"lazy\" decoding=\"async\" class=\"aligncenter size-full wp-image-120\" src=\"http:\/\/facescouts.fr\/WordPressOndicap\/wp-content\/uploads\/2013\/09\/Warhol.jpg\" alt=\"Warhol\" width=\"600\" height=\"528\" srcset=\"http:\/\/facescouts.fr\/WordPressOndicap\/wp-content\/uploads\/2013\/09\/Warhol.jpg 600w, http:\/\/facescouts.fr\/WordPressOndicap\/wp-content\/uploads\/2013\/09\/Warhol-300x264.jpg 300w\" sizes=\"auto, (max-width: 600px) 100vw, 600px\" \/><\/p>\n<p>&nbsp;<\/p>\n<h3 style=\"text-align: center;\"><span style=\"color: #99cc00;\">Retrouvez nous sur <a title=\"On dit cap ou pas sur FacBook\" href=\"https:\/\/www.facebook.com\/pages\/On-dit-cap-ou-pas-\/219091278256676?ref=hl\" target=\"_blank\"><span style=\"color: #99cc00;\">FACEBOOK<\/span><\/a><\/span><\/h3>\n<h4 style=\"text-align: center;\"><span style=\"color: #99cc00;\">Cette manifestation est parrain\u00e9e par :<\/span><\/h4>\n<table border=\"0\">\n<tbody>\n<tr>\n<th>\n<p><div id=\"attachment_56\" style=\"width: 170px\" class=\"wp-caption aligncenter\"><a href=\"http:\/\/www.notredameduval.fr\/\" target=\"_blank\"><img loading=\"lazy\" decoding=\"async\" aria-describedby=\"caption-attachment-56\" class=\"wp-image-56 \" src=\"http:\/\/facescouts.fr\/WordPressOndicap\/wp-content\/uploads\/2013\/09\/logo-ndv-e1379709381566.jpg\" alt=\"NDV\" width=\"160\" height=\"226\" \/><\/a><p id=\"caption-attachment-56\" class=\"wp-caption-text\">Notre Dame du Val<\/p><\/div><\/th>\n<th>\n<p><div id=\"attachment_56\" style=\"width: 160px\" class=\"wp-caption aligncenter\"><a href=\"http:\/\/www.ibps.fr\/\" target=\"_blank\"><img loading=\"lazy\" decoding=\"async\" aria-describedby=\"caption-attachment-56\" class=\"wp-image-56 \" src=\"http:\/\/facescouts.fr\/WordPressOndicap\/wp-content\/uploads\/2013\/12\/blia.jpeg\" alt=\"BLIA\" width=\"150\" height=\"180\" \/><\/a><p id=\"caption-attachment-56\" class=\"wp-caption-text\">BLIA<\/p><\/div><\/th>\n<\/tr>\n<tr>\n<th>\n<p><div id=\"attachment_56\" style=\"width: 160px\" class=\"wp-caption aligncenter\"><a href=\"http:\/\/www.elior.com\/\" target=\"_blank\"><img loading=\"lazy\" decoding=\"async\" aria-describedby=\"caption-attachment-56\" class=\"wp-image-56\" src=\"http:\/\/facescouts.fr\/WordPressOndicap\/wp-content\/uploads\/2013\/11\/ELIOR_logo_Rest_PU-1-150x150.jpg\" alt=\"ELIOR Restauration\" width=\"150\" height=\"150\" \/><\/a><p id=\"caption-attachment-56\" class=\"wp-caption-text\">ELIOR Restauration<\/p><\/div><\/th>\n<th>\n<p><div id=\"attachment_56\" style=\"width: 130px\" class=\"wp-caption aligncenter\"><a href=\"https:\/\/www.facebook.com\/pages\/Scouts-et-Guides-de-France-Bussy-saint-Georges-Groupe-Louis-Guibert\/244387715710649\" target=\"_blank\"><img loading=\"lazy\" decoding=\"async\" aria-describedby=\"caption-attachment-56\" class=\"wp-image-56\" src=\"https:\/\/badge.facebook.com\/badge\/244387715710649.339.933581739.png\" alt=\"SGDF Bussy\" width=\"120\" height=\"211\" \/><\/a><p id=\"caption-attachment-56\" class=\"wp-caption-text\">SGDF Bussy<\/p><\/div><\/th>\n<\/tr>\n<tr>\n<th>\n<p><div id=\"attachment_56\" style=\"width: 154px\" class=\"wp-caption aligncenter\"><img loading=\"lazy\" decoding=\"async\" aria-describedby=\"caption-attachment-56\" class=\"wp-image-56\" src=\"http:\/\/facescouts.fr\/WordPressOndicap\/wp-content\/uploads\/2013\/09\/logo_AEP-150x150.jpg\" alt=\"Aumonerie Enseignement Public\" width=\"144\" height=\"149\" \/><p id=\"caption-attachment-56\" class=\"wp-caption-text\">AEP<\/p><\/div><\/th>\n<th>\n<p><div id=\"attachment_56\" style=\"width: 154px\" class=\"wp-caption aligncenter\"><a href=\"http:\/\/www.ladapt.net\/\" target=\"_blank\"><img loading=\"lazy\" decoding=\"async\" aria-describedby=\"caption-attachment-56\" class=\"wp-image-56 \" src=\"http:\/\/facescouts.fr\/WordPressOndicap\/wp-content\/uploads\/2013\/09\/adapt-150x150.png\" alt=\"ADAPT\" width=\"144\" height=\"149\" \/><\/a><p id=\"caption-attachment-56\" class=\"wp-caption-text\">ADAPT<\/p><\/div><\/th>\n<\/tr>\n<tr>\n<th>\n<p><div id=\"attachment_285\" style=\"width: 156px\" class=\"wp-caption aligncenter\"><a href=\"http:\/\/www.asso-meuphine.org\/\" target=\"_blank\"><img loading=\"lazy\" decoding=\"async\" aria-describedby=\"caption-attachment-285\" class=\"size-full wp-image-285 \" title=\"MEUPHINE\" src=\"http:\/\/facescouts.fr\/WordPressOndicap\/wp-content\/uploads\/2013\/09\/meuphine.jpg\" alt=\"meuphine\" width=\"146\" height=\"102\" \/><\/a><p id=\"caption-attachment-285\" class=\"wp-caption-text\">MEUPHINE<\/p><\/div><\/th>\n<th>\n<p><div id=\"attachment_285\" style=\"width: 149px\" class=\"wp-caption aligncenter\"><a href=\"http:\/\/www.capsaaa.net\" target=\"_blank\"><img loading=\"lazy\" decoding=\"async\" aria-describedby=\"caption-attachment-285\" class=\"wp-image-56 \" src=\"http:\/\/facescouts.fr\/WordPressOndicap\/wp-content\/uploads\/2013\/11\/CAPSAAA.jpg\" alt=\"CAP SAAA\" width=\"139\" height=\"154\" \/><\/a><p id=\"caption-attachment-285\" class=\"wp-caption-text\">CAP SAAA<\/p><\/div><\/th>\n<\/tr>\n<tr>\n<th>\n<p><div id=\"attachment_56\" style=\"width: 120px\" class=\"wp-caption aligncenter\"><a href=\"http:\/\/blogs.sgdf.fr\/seine-et-marne\/\" target=\"_blank\"><img loading=\"lazy\" decoding=\"async\" aria-describedby=\"caption-attachment-56\" class=\"wp-image-56 \" title=\"SGDF 77\" src=\"http:\/\/facescouts.fr\/WordPressOndicap\/wp-content\/uploads\/2013\/11\/LOGO-TERRITOIRE.jpg\" alt=\"SGDF 77\" width=\"110\" height=\"154\" \/><\/a><p id=\"caption-attachment-56\" class=\"wp-caption-text\">SGDF 77<\/p><\/div><\/th>\n<th>\n<p><div id=\"attachment_56\" style=\"width: 187px\" class=\"wp-caption aligncenter\"><a href=\"http:\/\/www.sgdf.fr\/vent-du-large\/id-menu-20\" target=\"_blank\"><img loading=\"lazy\" decoding=\"async\" aria-describedby=\"caption-attachment-56\" class=\"wp-image-56 \" title=\"Vent du large\" src=\"http:\/\/facescouts.fr\/WordPressOndicap\/wp-content\/uploads\/2013\/11\/LOGO-VENT-DU-LARGE-150x150.jpg\" alt=\"Vent du large\" width=\"177\" height=\"188\" \/><\/a><p id=\"caption-attachment-56\" class=\"wp-caption-text\">Vent du large<\/p><\/div><\/th>\n<\/tr>\n<tr>\n<th>\n<p><div id=\"attachment_56\" style=\"width: 167px\" class=\"wp-caption aligncenter\"><a href=\"http:\/\/www.chiens-guides-idf.fr\/\" target=\"_blank\"><img loading=\"lazy\" decoding=\"async\" aria-describedby=\"caption-attachment-56\" class=\"wp-image-56 \" title=\"Chiens guides d'aveugles\" src=\"http:\/\/facescouts.fr\/WordPressOndicap\/wp-content\/uploads\/2013\/11\/chiens_guides_idf1.jpg\" alt=\"Chiens guides d'aveugles\" width=\"157\" height=\"155\" \/><\/a><p id=\"caption-attachment-56\" class=\"wp-caption-text\">Chiens guides d&rsquo;aveugles<\/p><\/div><\/th>\n<th>\n<p><div id=\"attachment_56\" style=\"width: 160px\" class=\"wp-caption aligncenter\"><a href=\"http:\/\/www.aede.fr\/\" target=\"_blank\"><img loading=\"lazy\" decoding=\"async\" aria-describedby=\"caption-attachment-56\" class=\"wp-image-56 \" title=\"AEDE\" src=\"http:\/\/facescouts.fr\/WordPressOndicap\/wp-content\/uploads\/2013\/11\/logo_2-150x150.png\" alt=\"AEDE\" width=\"150\" height=\"150\" \/><\/a><p id=\"caption-attachment-56\" class=\"wp-caption-text\">AEDE<\/p><\/div><\/th>\n<\/tr>\n<tr>\n<th>\n<p><div id=\"attachment_56\" style=\"width: 160px\" class=\"wp-caption aligncenter\"><a href=\"http:\/\/www.bussysaintgeorges.fr\/\" target=\"_blank\"><img loading=\"lazy\" decoding=\"async\" aria-describedby=\"caption-attachment-56\" class=\"wp-image-56 \" title=\"Ville de Bussy\" src=\"http:\/\/facescouts.fr\/WordPressOndicap\/wp-content\/uploads\/2013\/12\/bussy.jpg\" alt=\"Ville de Bussy\" width=\"150\" height=\"150\" \/><\/a><p id=\"caption-attachment-56\" class=\"wp-caption-text\">Ville de Bussy<\/p><\/div><\/th>\n<th>\n<p><div id=\"attachment_56\" style=\"width: 170px\" class=\"wp-caption aligncenter\"><img loading=\"lazy\" decoding=\"async\" aria-describedby=\"caption-attachment-56\" class=\"wp-image-56 \" src=\"http:\/\/facescouts.fr\/WordPressOndicap\/wp-content\/uploads\/2013\/09\/logo-handicaps-150x150.jpg\" alt=\"Votre logo\" width=\"160\" height=\"156\" srcset=\"http:\/\/facescouts.fr\/WordPressOndicap\/wp-content\/uploads\/2013\/09\/logo-handicaps-300x292.jpg 300w, http:\/\/facescouts.fr\/WordPressOndicap\/wp-content\/uploads\/2013\/09\/logo-handicaps.jpg 333w\" sizes=\"auto, (max-width: 160px) 100vw, 160px\" \/><p id=\"caption-attachment-56\" class=\"wp-caption-text\">Votre logo<\/p><\/div><\/th>\n<\/tr>\n<tr>\n<th>\n<p><div id=\"attachment_56\" style=\"width: 170px\" class=\"wp-caption aligncenter\"><img loading=\"lazy\" decoding=\"async\" aria-describedby=\"caption-attachment-56\" class=\"wp-image-56 \" src=\"http:\/\/facescouts.fr\/WordPressOndicap\/wp-content\/uploads\/2013\/09\/logo-handicaps-150x150.jpg\" alt=\"Votre logo\" width=\"160\" height=\"156\" srcset=\"http:\/\/facescouts.fr\/WordPressOndicap\/wp-content\/uploads\/2013\/09\/logo-handicaps-300x292.jpg 300w, http:\/\/facescouts.fr\/WordPressOndicap\/wp-content\/uploads\/2013\/09\/logo-handicaps.jpg 333w\" sizes=\"auto, (max-width: 160px) 100vw, 160px\" \/><p id=\"caption-attachment-56\" class=\"wp-caption-text\">Votre logo<\/p><\/div><\/th>\n<th>\n<p><div id=\"attachment_56\" style=\"width: 170px\" class=\"wp-caption aligncenter\"><img loading=\"lazy\" decoding=\"async\" aria-describedby=\"caption-attachment-56\" class=\"wp-image-56 \" src=\"http:\/\/facescouts.fr\/WordPressOndicap\/wp-content\/uploads\/2013\/09\/logo-handicaps-150x150.jpg\" alt=\"Votre logo\" width=\"160\" height=\"156\" srcset=\"http:\/\/facescouts.fr\/WordPressOndicap\/wp-content\/uploads\/2013\/09\/logo-handicaps-300x292.jpg 300w, http:\/\/facescouts.fr\/WordPressOndicap\/wp-content\/uploads\/2013\/09\/logo-handicaps.jpg 333w\" sizes=\"auto, (max-width: 160px) 100vw, 160px\" \/><p id=\"caption-attachment-56\" class=\"wp-caption-text\">Votre logo<\/p><\/div><\/th>\n<\/tr>\n<\/tbody>\n<\/table>\n","protected":false},"excerpt":{"rendered":"<p>\u00a0On dit cap ou pas ! : un jour, un \u00e9v\u00e8nement La diff\u00e9rence ne se discute pas, elle permet de se rencontrer . Ce sont les actions fraternelles qui forgent une communaut\u00e9. Au cours de cette journ\u00e9e, chaque participants fera l&rsquo;exp\u00e9rience de la diff\u00e9rence \u00e0 travers des d\u00e9fis sportifs et des rencontres au sein d&rsquo;un [&hellip;]<\/p>\n","protected":false},"author":1,"featured_media":0,"parent":0,"menu_order":0,"comment_status":"closed","ping_status":"closed","template":"","meta":{"footnotes":""},"class_list":["post-9","page","type-page","status-publish","hentry"],"_links":{"self":[{"href":"http:\/\/facescouts.fr\/WordPressOndicap\/index.php?rest_route=\/wp\/v2\/pages\/9","targetHints":{"allow":["GET"]}}],"collection":[{"href":"http:\/\/facescouts.fr\/WordPressOndicap\/index.php?rest_route=\/wp\/v2\/pages"}],"about":[{"href":"http:\/\/facescouts.fr\/WordPressOndicap\/index.php?rest_route=\/wp\/v2\/types\/page"}],"author":[{"embeddable":true,"href":"http:\/\/facescouts.fr\/WordPressOndicap\/index.php?rest_route=\/wp\/v2\/users\/1"}],"replies":[{"embeddable":true,"href":"http:\/\/facescouts.fr\/WordPressOndicap\/index.php?rest_route=%2Fwp%2Fv2%2Fcomments&post=9"}],"version-history":[{"count":112,"href":"http:\/\/facescouts.fr\/WordPressOndicap\/index.php?rest_route=\/wp\/v2\/pages\/9\/revisions"}],"predecessor-version":[{"id":548,"href":"http:\/\/facescouts.fr\/WordPressOndicap\/index.php?rest_route=\/wp\/v2\/pages\/9\/revisions\/548"}],"wp:attachment":[{"href":"http:\/\/facescouts.fr\/WordPressOndicap\/index.php?rest_route=%2Fwp%2Fv2%2Fmedia&parent=9"}],"curies":[{"name":"wp","href":"https:\/\/api.w.org\/{rel}","templated":true}]}}