{"id":336,"date":"2013-11-25T15:09:03","date_gmt":"2013-11-25T14:09:03","guid":{"rendered":"http:\/\/facescouts.fr\/WordPressOndicap\/?page_id=336"},"modified":"2013-11-28T21:28:57","modified_gmt":"2013-11-28T20:28:57","slug":"chiens-guides","status":"publish","type":"page","link":"https:\/\/facescouts.fr\/WordPressOndicap\/?page_id=336","title":{"rendered":"CHIENS GUIDES"},"content":{"rendered":"<p><img loading=\"lazy\" decoding=\"async\" class=\"size-full wp-image-333 alignleft\" alt=\"chiens_guides_idf1\" src=\"http:\/\/facescouts.fr\/WordPressOndicap\/wp-content\/uploads\/2013\/11\/chiens_guides_idf1.jpg\" width=\"157\" height=\"155\" \/><\/p>\n<p>L&rsquo;Association est situ\u00e9e \u00e0 Coubert, en Seine-et-Marne, entre Brie-Comte-Robert et Melun sur la R.D. 319.<\/p>\n<p><strong>Elle a pour mission de s\u00e9lectionner et d&rsquo;\u00e9duquer des chiens guides remis GRATUITEMENT aux personnes d\u00e9ficientes visuelles. <\/strong><\/p>\n<p>Son champ d&rsquo;action s&rsquo;\u00e9tend sur Paris, les d\u00e9partements franciliens, tels l&rsquo;Essonne (91), les Hauts de Seine (92), la Seine Saint Denis (93), le Val de Marne (94), le Val d&rsquo;Oise (95), la Seine et Marne (77), les Yvelines (78), l&rsquo;Aube (10), le Loiret (45), l&rsquo;Oise (60), l&rsquo;Yonne (89), la Marne (51) et l&rsquo;Eure et Loir (28).<\/p>\n<p>&nbsp;<\/p>\n<p>pour en savoir plus : <a href=\"http:\/\/www.chiens-guides-idf.fr\/\" target=\"_blank\">http:\/\/www.chiens-guides-idf.fr\/<\/a><\/p>\n","protected":false},"excerpt":{"rendered":"<p>L&rsquo;Association est situ\u00e9e \u00e0 Coubert, en Seine-et-Marne, entre Brie-Comte-Robert et Melun sur la R.D. 319. Elle a pour mission de s\u00e9lectionner et d&rsquo;\u00e9duquer des chiens guides remis GRATUITEMENT aux personnes d\u00e9ficientes visuelles. Son champ d&rsquo;action s&rsquo;\u00e9tend sur Paris, les d\u00e9partements franciliens, tels l&rsquo;Essonne (91), les Hauts de Seine (92), la Seine Saint Denis (93), le [&hellip;]<\/p>\n","protected":false},"author":1,"featured_media":0,"parent":28,"menu_order":4,"comment_status":"closed","ping_status":"closed","template":"","meta":{"footnotes":""},"class_list":["post-336","page","type-page","status-publish","hentry"],"_links":{"self":[{"href":"https:\/\/facescouts.fr\/WordPressOndicap\/index.php?rest_route=\/wp\/v2\/pages\/336","targetHints":{"allow":["GET"]}}],"collection":[{"href":"https:\/\/facescouts.fr\/WordPressOndicap\/index.php?rest_route=\/wp\/v2\/pages"}],"about":[{"href":"https:\/\/facescouts.fr\/WordPressOndicap\/index.php?rest_route=\/wp\/v2\/types\/page"}],"author":[{"embeddable":true,"href":"https:\/\/facescouts.fr\/WordPressOndicap\/index.php?rest_route=\/wp\/v2\/users\/1"}],"replies":[{"embeddable":true,"href":"https:\/\/facescouts.fr\/WordPressOndicap\/index.php?rest_route=%2Fwp%2Fv2%2Fcomments&post=336"}],"version-history":[{"count":4,"href":"https:\/\/facescouts.fr\/WordPressOndicap\/index.php?rest_route=\/wp\/v2\/pages\/336\/revisions"}],"predecessor-version":[{"id":369,"href":"https:\/\/facescouts.fr\/WordPressOndicap\/index.php?rest_route=\/wp\/v2\/pages\/336\/revisions\/369"}],"up":[{"embeddable":true,"href":"https:\/\/facescouts.fr\/WordPressOndicap\/index.php?rest_route=\/wp\/v2\/pages\/28"}],"wp:attachment":[{"href":"https:\/\/facescouts.fr\/WordPressOndicap\/index.php?rest_route=%2Fwp%2Fv2%2Fmedia&parent=336"}],"curies":[{"name":"wp","href":"https:\/\/api.w.org\/{rel}","templated":true}]}}