{"id":345,"date":"2013-11-28T18:29:09","date_gmt":"2013-11-28T17:29:09","guid":{"rendered":"http:\/\/facescouts.fr\/WordPressOndicap\/?page_id=345"},"modified":"2013-12-15T22:57:33","modified_gmt":"2013-12-15T21:57:33","slug":"partenaires","status":"publish","type":"page","link":"https:\/\/facescouts.fr\/WordPressOndicap\/?page_id=345","title":{"rendered":"Partenaires"},"content":{"rendered":"<p><a href=\"http:\/\/facescouts.fr\/WordPressOndicap\/partenaires\/elior_logo_rest_pu-2\/#main\" rel=\"attachment wp-att-346\"><img loading=\"lazy\" decoding=\"async\" class=\"size-medium wp-image-346 alignleft\" alt=\"ELIOR_logo_Rest_PU (2)\" src=\"http:\/\/facescouts.fr\/WordPressOndicap\/wp-content\/uploads\/2013\/11\/ELIOR_logo_Rest_PU-2-300x105.jpg\" width=\"300\" height=\"105\" srcset=\"https:\/\/facescouts.fr\/WordPressOndicap\/wp-content\/uploads\/2013\/11\/ELIOR_logo_Rest_PU-2-300x105.jpg 300w, https:\/\/facescouts.fr\/WordPressOndicap\/wp-content\/uploads\/2013\/11\/ELIOR_logo_Rest_PU-2.jpg 978w\" sizes=\"auto, (max-width: 300px) 100vw, 300px\" \/><\/a><\/p>\n<h1 id=\"page-title\">Restauration Enseignement<\/h1>\n<div>\n<div>\n<div>Chaque jour, Elior Restauration Enseignement propose des solutions de restauration adapt\u00e9es aux besoins de chacun. L\u2019\u00e9quilibre nutritionnel, la qualit\u00e9 gustative et le respect de l\u2019environnement sont au c\u0153ur de nos exigences, pour que le repas soit un v\u00e9ritable moment de bien-\u00eatre et de convivialit\u00e9.<\/div>\n<\/div>\n<\/div>\n","protected":false},"excerpt":{"rendered":"<p>Restauration Enseignement Chaque jour, Elior Restauration Enseignement propose des solutions de restauration adapt\u00e9es aux besoins de chacun. L\u2019\u00e9quilibre nutritionnel, la qualit\u00e9 gustative et le respect de l\u2019environnement sont au c\u0153ur de nos exigences, pour que le repas soit un v\u00e9ritable moment de bien-\u00eatre et de convivialit\u00e9.<\/p>\n","protected":false},"author":1,"featured_media":0,"parent":199,"menu_order":6,"comment_status":"closed","ping_status":"closed","template":"","meta":{"footnotes":""},"class_list":["post-345","page","type-page","status-publish","hentry"],"_links":{"self":[{"href":"https:\/\/facescouts.fr\/WordPressOndicap\/index.php?rest_route=\/wp\/v2\/pages\/345","targetHints":{"allow":["GET"]}}],"collection":[{"href":"https:\/\/facescouts.fr\/WordPressOndicap\/index.php?rest_route=\/wp\/v2\/pages"}],"about":[{"href":"https:\/\/facescouts.fr\/WordPressOndicap\/index.php?rest_route=\/wp\/v2\/types\/page"}],"author":[{"embeddable":true,"href":"https:\/\/facescouts.fr\/WordPressOndicap\/index.php?rest_route=\/wp\/v2\/users\/1"}],"replies":[{"embeddable":true,"href":"https:\/\/facescouts.fr\/WordPressOndicap\/index.php?rest_route=%2Fwp%2Fv2%2Fcomments&post=345"}],"version-history":[{"count":4,"href":"https:\/\/facescouts.fr\/WordPressOndicap\/index.php?rest_route=\/wp\/v2\/pages\/345\/revisions"}],"predecessor-version":[{"id":436,"href":"https:\/\/facescouts.fr\/WordPressOndicap\/index.php?rest_route=\/wp\/v2\/pages\/345\/revisions\/436"}],"up":[{"embeddable":true,"href":"https:\/\/facescouts.fr\/WordPressOndicap\/index.php?rest_route=\/wp\/v2\/pages\/199"}],"wp:attachment":[{"href":"https:\/\/facescouts.fr\/WordPressOndicap\/index.php?rest_route=%2Fwp%2Fv2%2Fmedia&parent=345"}],"curies":[{"name":"wp","href":"https:\/\/api.w.org\/{rel}","templated":true}]}}