{"id":416,"date":"2013-12-15T17:47:17","date_gmt":"2013-12-15T16:47:17","guid":{"rendered":"http:\/\/facescouts.fr\/WordPressOndicap\/?page_id=416"},"modified":"2024-06-30T16:34:14","modified_gmt":"2024-06-30T14:34:14","slug":"livre-dor","status":"publish","type":"page","link":"https:\/\/facescouts.fr\/WordPressOndicap\/?page_id=416","title":{"rendered":"Livre d&rsquo;or"},"content":{"rendered":"<p>Vous avez particip\u00e9 \u00e0 Onditcapoupas!.<br \/>\nVous pouvez nous laisser un message pour nous donner votre avis et votre retour.<br \/>\nMerci \u00e0 tous les b\u00e9n\u00e9voles pour leur aide et \u00e0 tous les participants pour leur bonne humeur.<br \/>\nA bient\u00f4t &#8230;..<\/p>\n","protected":false},"excerpt":{"rendered":"<p>Vous avez particip\u00e9 \u00e0 Onditcapoupas!. Vous pouvez nous laisser un message pour nous donner votre avis et votre retour. Merci \u00e0 tous les b\u00e9n\u00e9voles pour leur aide et \u00e0 tous les participants pour leur bonne humeur. A bient\u00f4t &#8230;..<\/p>\n","protected":false},"author":1,"featured_media":0,"parent":0,"menu_order":1,"comment_status":"closed","ping_status":"closed","template":"","meta":{"footnotes":""},"class_list":["post-416","page","type-page","status-publish","hentry"],"_links":{"self":[{"href":"https:\/\/facescouts.fr\/WordPressOndicap\/index.php?rest_route=\/wp\/v2\/pages\/416","targetHints":{"allow":["GET"]}}],"collection":[{"href":"https:\/\/facescouts.fr\/WordPressOndicap\/index.php?rest_route=\/wp\/v2\/pages"}],"about":[{"href":"https:\/\/facescouts.fr\/WordPressOndicap\/index.php?rest_route=\/wp\/v2\/types\/page"}],"author":[{"embeddable":true,"href":"https:\/\/facescouts.fr\/WordPressOndicap\/index.php?rest_route=\/wp\/v2\/users\/1"}],"replies":[{"embeddable":true,"href":"https:\/\/facescouts.fr\/WordPressOndicap\/index.php?rest_route=%2Fwp%2Fv2%2Fcomments&post=416"}],"version-history":[{"count":6,"href":"https:\/\/facescouts.fr\/WordPressOndicap\/index.php?rest_route=\/wp\/v2\/pages\/416\/revisions"}],"predecessor-version":[{"id":488,"href":"https:\/\/facescouts.fr\/WordPressOndicap\/index.php?rest_route=\/wp\/v2\/pages\/416\/revisions\/488"}],"wp:attachment":[{"href":"https:\/\/facescouts.fr\/WordPressOndicap\/index.php?rest_route=%2Fwp%2Fv2%2Fmedia&parent=416"}],"curies":[{"name":"wp","href":"https:\/\/api.w.org\/{rel}","templated":true}]}}