{"id":500,"date":"2013-12-20T19:24:26","date_gmt":"2013-12-20T18:24:26","guid":{"rendered":"http:\/\/facescouts.fr\/WordPressOndicap\/?page_id=500"},"modified":"2013-12-20T19:27:57","modified_gmt":"2013-12-20T18:27:57","slug":"lequipe-securite","status":"publish","type":"page","link":"https:\/\/facescouts.fr\/WordPressOndicap\/?page_id=500","title":{"rendered":"L&rsquo;\u00e9quipe s\u00e9curit\u00e9"},"content":{"rendered":"\r\n<div class=\"ngg-galleryoverview\" id=\"ngg-gallery-7-500\">\r\n\r\n\t<!-- Slideshow link -->\r\n\t<div class=\"slideshowlink\">\r\n\t\t<a class=\"slideshowlink\" href=\"https:\/\/facescouts.fr\/WordPressOndicap\/?page_id=500&amp;show=slide\">\r\n\t\t\t[Show as slideshow]\t\t<\/a>\r\n\t<\/div>\r\n\r\n\t\r\n\t<!-- Thumbnails -->\r\n\t\t\r\n\t<div id=\"ngg-image-457\" class=\"ngg-gallery-thumbnail-box\"  >\r\n\t\t<div class=\"ngg-gallery-thumbnail\" >\r\n\t\t\t<a href=\"https:\/\/facescouts.fr\/WordPressOndicap\/wp-content\/gallery\/secu\/p1130944.jpg\" title=\" \" class=\"thickbox\" rel=\"set_7\" >\r\n\t\t\t\t\t\t\t\t<img loading=\"lazy\" decoding=\"async\" title=\"p1130944\" alt=\"p1130944\" src=\"https:\/\/facescouts.fr\/WordPressOndicap\/wp-content\/gallery\/secu\/thumbs\/thumbs_p1130944.jpg\" width=\"120\" height=\"90\" \/>\r\n\t\t\t\t\t\t\t<\/a>\r\n\t\t<\/div>\r\n\t<\/div>\r\n\t\r\n\t\t\r\n \t\t\r\n\t<div id=\"ngg-image-444\" class=\"ngg-gallery-thumbnail-box\"  >\r\n\t\t<div class=\"ngg-gallery-thumbnail\" >\r\n\t\t\t<a href=\"https:\/\/facescouts.fr\/WordPressOndicap\/wp-content\/gallery\/secu\/dsc_1482.jpg\" title=\" \" class=\"thickbox\" rel=\"set_7\" >\r\n\t\t\t\t\t\t\t\t<img loading=\"lazy\" decoding=\"async\" title=\"dsc_1482\" alt=\"dsc_1482\" src=\"https:\/\/facescouts.fr\/WordPressOndicap\/wp-content\/gallery\/secu\/thumbs\/thumbs_dsc_1482.jpg\" width=\"120\" height=\"90\" \/>\r\n\t\t\t\t\t\t\t<\/a>\r\n\t\t<\/div>\r\n\t<\/div>\r\n\t\r\n\t\t\r\n \t\t\r\n\t<div id=\"ngg-image-445\" class=\"ngg-gallery-thumbnail-box\"  >\r\n\t\t<div class=\"ngg-gallery-thumbnail\" >\r\n\t\t\t<a href=\"https:\/\/facescouts.fr\/WordPressOndicap\/wp-content\/gallery\/secu\/dsc_1483.jpg\" title=\" \" class=\"thickbox\" rel=\"set_7\" >\r\n\t\t\t\t\t\t\t\t<img loading=\"lazy\" decoding=\"async\" title=\"dsc_1483\" alt=\"dsc_1483\" src=\"https:\/\/facescouts.fr\/WordPressOndicap\/wp-content\/gallery\/secu\/thumbs\/thumbs_dsc_1483.jpg\" width=\"120\" height=\"90\" \/>\r\n\t\t\t\t\t\t\t<\/a>\r\n\t\t<\/div>\r\n\t<\/div>\r\n\t\r\n\t\t\r\n \t\t\r\n\t<div id=\"ngg-image-446\" class=\"ngg-gallery-thumbnail-box\"  >\r\n\t\t<div class=\"ngg-gallery-thumbnail\" >\r\n\t\t\t<a href=\"https:\/\/facescouts.fr\/WordPressOndicap\/wp-content\/gallery\/secu\/dsc_1487.jpg\" title=\" \" class=\"thickbox\" rel=\"set_7\" >\r\n\t\t\t\t\t\t\t\t<img loading=\"lazy\" decoding=\"async\" title=\"dsc_1487\" alt=\"dsc_1487\" src=\"https:\/\/facescouts.fr\/WordPressOndicap\/wp-content\/gallery\/secu\/thumbs\/thumbs_dsc_1487.jpg\" width=\"120\" height=\"90\" \/>\r\n\t\t\t\t\t\t\t<\/a>\r\n\t\t<\/div>\r\n\t<\/div>\r\n\t\r\n\t\t\r\n \t\t\r\n\t<div id=\"ngg-image-447\" class=\"ngg-gallery-thumbnail-box\"  >\r\n\t\t<div class=\"ngg-gallery-thumbnail\" >\r\n\t\t\t<a href=\"https:\/\/facescouts.fr\/WordPressOndicap\/wp-content\/gallery\/secu\/dsc_1488.jpg\" title=\" \" class=\"thickbox\" rel=\"set_7\" >\r\n\t\t\t\t\t\t\t\t<img loading=\"lazy\" decoding=\"async\" title=\"dsc_1488\" alt=\"dsc_1488\" src=\"https:\/\/facescouts.fr\/WordPressOndicap\/wp-content\/gallery\/secu\/thumbs\/thumbs_dsc_1488.jpg\" width=\"120\" height=\"90\" \/>\r\n\t\t\t\t\t\t\t<\/a>\r\n\t\t<\/div>\r\n\t<\/div>\r\n\t\r\n\t\t\r\n \t\t\r\n\t<div id=\"ngg-image-448\" class=\"ngg-gallery-thumbnail-box\"  >\r\n\t\t<div class=\"ngg-gallery-thumbnail\" >\r\n\t\t\t<a href=\"https:\/\/facescouts.fr\/WordPressOndicap\/wp-content\/gallery\/secu\/dsc_1489.jpg\" title=\" \" class=\"thickbox\" rel=\"set_7\" >\r\n\t\t\t\t\t\t\t\t<img loading=\"lazy\" decoding=\"async\" title=\"dsc_1489\" alt=\"dsc_1489\" src=\"https:\/\/facescouts.fr\/WordPressOndicap\/wp-content\/gallery\/secu\/thumbs\/thumbs_dsc_1489.jpg\" width=\"120\" height=\"90\" \/>\r\n\t\t\t\t\t\t\t<\/a>\r\n\t\t<\/div>\r\n\t<\/div>\r\n\t\r\n\t\t\r\n \t\t\r\n\t<div id=\"ngg-image-449\" class=\"ngg-gallery-thumbnail-box\"  >\r\n\t\t<div class=\"ngg-gallery-thumbnail\" >\r\n\t\t\t<a href=\"https:\/\/facescouts.fr\/WordPressOndicap\/wp-content\/gallery\/secu\/dsc_1492.jpg\" title=\" \" class=\"thickbox\" rel=\"set_7\" >\r\n\t\t\t\t\t\t\t\t<img loading=\"lazy\" decoding=\"async\" title=\"dsc_1492\" alt=\"dsc_1492\" src=\"https:\/\/facescouts.fr\/WordPressOndicap\/wp-content\/gallery\/secu\/thumbs\/thumbs_dsc_1492.jpg\" width=\"120\" height=\"90\" \/>\r\n\t\t\t\t\t\t\t<\/a>\r\n\t\t<\/div>\r\n\t<\/div>\r\n\t\r\n\t\t\r\n \t\t\r\n\t<div id=\"ngg-image-450\" class=\"ngg-gallery-thumbnail-box\"  >\r\n\t\t<div class=\"ngg-gallery-thumbnail\" >\r\n\t\t\t<a href=\"https:\/\/facescouts.fr\/WordPressOndicap\/wp-content\/gallery\/secu\/dsc_1493.jpg\" title=\" \" class=\"thickbox\" rel=\"set_7\" >\r\n\t\t\t\t\t\t\t\t<img loading=\"lazy\" decoding=\"async\" title=\"dsc_1493\" alt=\"dsc_1493\" src=\"https:\/\/facescouts.fr\/WordPressOndicap\/wp-content\/gallery\/secu\/thumbs\/thumbs_dsc_1493.jpg\" width=\"120\" height=\"90\" \/>\r\n\t\t\t\t\t\t\t<\/a>\r\n\t\t<\/div>\r\n\t<\/div>\r\n\t\r\n\t\t\r\n \t\t\r\n\t<div id=\"ngg-image-451\" class=\"ngg-gallery-thumbnail-box\"  >\r\n\t\t<div class=\"ngg-gallery-thumbnail\" >\r\n\t\t\t<a href=\"https:\/\/facescouts.fr\/WordPressOndicap\/wp-content\/gallery\/secu\/dsc_1494.jpg\" title=\" \" class=\"thickbox\" rel=\"set_7\" >\r\n\t\t\t\t\t\t\t\t<img loading=\"lazy\" decoding=\"async\" title=\"dsc_1494\" alt=\"dsc_1494\" src=\"https:\/\/facescouts.fr\/WordPressOndicap\/wp-content\/gallery\/secu\/thumbs\/thumbs_dsc_1494.jpg\" width=\"120\" height=\"90\" \/>\r\n\t\t\t\t\t\t\t<\/a>\r\n\t\t<\/div>\r\n\t<\/div>\r\n\t\r\n\t\t\r\n \t\t\r\n\t<div id=\"ngg-image-452\" class=\"ngg-gallery-thumbnail-box\"  >\r\n\t\t<div class=\"ngg-gallery-thumbnail\" >\r\n\t\t\t<a href=\"https:\/\/facescouts.fr\/WordPressOndicap\/wp-content\/gallery\/secu\/dsc_1500.jpg\" title=\" \" class=\"thickbox\" rel=\"set_7\" >\r\n\t\t\t\t\t\t\t\t<img loading=\"lazy\" decoding=\"async\" title=\"dsc_1500\" alt=\"dsc_1500\" src=\"https:\/\/facescouts.fr\/WordPressOndicap\/wp-content\/gallery\/secu\/thumbs\/thumbs_dsc_1500.jpg\" width=\"120\" height=\"90\" \/>\r\n\t\t\t\t\t\t\t<\/a>\r\n\t\t<\/div>\r\n\t<\/div>\r\n\t\r\n\t\t\r\n \t\t\r\n\t<div id=\"ngg-image-453\" class=\"ngg-gallery-thumbnail-box\"  >\r\n\t\t<div class=\"ngg-gallery-thumbnail\" >\r\n\t\t\t<a href=\"https:\/\/facescouts.fr\/WordPressOndicap\/wp-content\/gallery\/secu\/dsc_1501.jpg\" title=\" \" class=\"thickbox\" rel=\"set_7\" >\r\n\t\t\t\t\t\t\t\t<img loading=\"lazy\" decoding=\"async\" title=\"dsc_1501\" alt=\"dsc_1501\" src=\"https:\/\/facescouts.fr\/WordPressOndicap\/wp-content\/gallery\/secu\/thumbs\/thumbs_dsc_1501.jpg\" width=\"120\" height=\"90\" \/>\r\n\t\t\t\t\t\t\t<\/a>\r\n\t\t<\/div>\r\n\t<\/div>\r\n\t\r\n\t\t\r\n \t\t\r\n\t<div id=\"ngg-image-454\" class=\"ngg-gallery-thumbnail-box\"  >\r\n\t\t<div class=\"ngg-gallery-thumbnail\" >\r\n\t\t\t<a href=\"https:\/\/facescouts.fr\/WordPressOndicap\/wp-content\/gallery\/secu\/dsc_1654.jpg\" title=\" \" class=\"thickbox\" rel=\"set_7\" >\r\n\t\t\t\t\t\t\t\t<img loading=\"lazy\" decoding=\"async\" title=\"dsc_1654\" alt=\"dsc_1654\" src=\"https:\/\/facescouts.fr\/WordPressOndicap\/wp-content\/gallery\/secu\/thumbs\/thumbs_dsc_1654.jpg\" width=\"120\" height=\"90\" \/>\r\n\t\t\t\t\t\t\t<\/a>\r\n\t\t<\/div>\r\n\t<\/div>\r\n\t\r\n\t\t\r\n \t\t\r\n\t<div id=\"ngg-image-455\" class=\"ngg-gallery-thumbnail-box\"  >\r\n\t\t<div class=\"ngg-gallery-thumbnail\" >\r\n\t\t\t<a href=\"https:\/\/facescouts.fr\/WordPressOndicap\/wp-content\/gallery\/secu\/dsc_1755.jpg\" title=\" \" class=\"thickbox\" rel=\"set_7\" >\r\n\t\t\t\t\t\t\t\t<img loading=\"lazy\" decoding=\"async\" title=\"dsc_1755\" alt=\"dsc_1755\" src=\"https:\/\/facescouts.fr\/WordPressOndicap\/wp-content\/gallery\/secu\/thumbs\/thumbs_dsc_1755.jpg\" width=\"120\" height=\"90\" \/>\r\n\t\t\t\t\t\t\t<\/a>\r\n\t\t<\/div>\r\n\t<\/div>\r\n\t\r\n\t\t\r\n \t\t\r\n\t<div id=\"ngg-image-456\" class=\"ngg-gallery-thumbnail-box\"  >\r\n\t\t<div class=\"ngg-gallery-thumbnail\" >\r\n\t\t\t<a href=\"https:\/\/facescouts.fr\/WordPressOndicap\/wp-content\/gallery\/secu\/p1130943.jpg\" title=\" \" class=\"thickbox\" rel=\"set_7\" >\r\n\t\t\t\t\t\t\t\t<img loading=\"lazy\" decoding=\"async\" title=\"p1130943\" alt=\"p1130943\" src=\"https:\/\/facescouts.fr\/WordPressOndicap\/wp-content\/gallery\/secu\/thumbs\/thumbs_p1130943.jpg\" width=\"120\" height=\"90\" \/>\r\n\t\t\t\t\t\t\t<\/a>\r\n\t\t<\/div>\r\n\t<\/div>\r\n\t\r\n\t\t\r\n \t\t\r\n\t<div id=\"ngg-image-443\" class=\"ngg-gallery-thumbnail-box\"  >\r\n\t\t<div class=\"ngg-gallery-thumbnail\" >\r\n\t\t\t<a href=\"https:\/\/facescouts.fr\/WordPressOndicap\/wp-content\/gallery\/secu\/dsc_1473.jpg\" title=\" \" class=\"thickbox\" rel=\"set_7\" >\r\n\t\t\t\t\t\t\t\t<img loading=\"lazy\" decoding=\"async\" title=\"dsc_1473\" alt=\"dsc_1473\" src=\"https:\/\/facescouts.fr\/WordPressOndicap\/wp-content\/gallery\/secu\/thumbs\/thumbs_dsc_1473.jpg\" width=\"120\" height=\"90\" \/>\r\n\t\t\t\t\t\t\t<\/a>\r\n\t\t<\/div>\r\n\t<\/div>\r\n\t\r\n\t\t\r\n \t\t\r\n\t<div id=\"ngg-image-797\" class=\"ngg-gallery-thumbnail-box\"  >\r\n\t\t<div class=\"ngg-gallery-thumbnail\" >\r\n\t\t\t<a href=\"https:\/\/facescouts.fr\/WordPressOndicap\/wp-content\/gallery\/secu\/img_6087.jpg\" title=\" \" class=\"thickbox\" rel=\"set_7\" >\r\n\t\t\t\t\t\t\t\t<img loading=\"lazy\" decoding=\"async\" title=\"img_6087\" alt=\"img_6087\" src=\"https:\/\/facescouts.fr\/WordPressOndicap\/wp-content\/gallery\/secu\/thumbs\/thumbs_img_6087.jpg\" width=\"120\" height=\"90\" \/>\r\n\t\t\t\t\t\t\t<\/a>\r\n\t\t<\/div>\r\n\t<\/div>\r\n\t\r\n\t\t\r\n \t\t\r\n\t<div id=\"ngg-image-798\" class=\"ngg-gallery-thumbnail-box\"  >\r\n\t\t<div class=\"ngg-gallery-thumbnail\" >\r\n\t\t\t<a href=\"https:\/\/facescouts.fr\/WordPressOndicap\/wp-content\/gallery\/secu\/img_6088.jpg\" title=\" \" class=\"thickbox\" rel=\"set_7\" >\r\n\t\t\t\t\t\t\t\t<img loading=\"lazy\" decoding=\"async\" title=\"img_6088\" alt=\"img_6088\" src=\"https:\/\/facescouts.fr\/WordPressOndicap\/wp-content\/gallery\/secu\/thumbs\/thumbs_img_6088.jpg\" width=\"120\" height=\"90\" \/>\r\n\t\t\t\t\t\t\t<\/a>\r\n\t\t<\/div>\r\n\t<\/div>\r\n\t\r\n\t\t\r\n \t\t\r\n\t<div id=\"ngg-image-799\" class=\"ngg-gallery-thumbnail-box\"  >\r\n\t\t<div class=\"ngg-gallery-thumbnail\" >\r\n\t\t\t<a href=\"https:\/\/facescouts.fr\/WordPressOndicap\/wp-content\/gallery\/secu\/img_6089.jpg\" title=\" \" class=\"thickbox\" rel=\"set_7\" >\r\n\t\t\t\t\t\t\t\t<img loading=\"lazy\" decoding=\"async\" title=\"img_6089\" alt=\"img_6089\" src=\"https:\/\/facescouts.fr\/WordPressOndicap\/wp-content\/gallery\/secu\/thumbs\/thumbs_img_6089.jpg\" width=\"120\" height=\"90\" \/>\r\n\t\t\t\t\t\t\t<\/a>\r\n\t\t<\/div>\r\n\t<\/div>\r\n\t\r\n\t\t\r\n \t\t\r\n\t<div id=\"ngg-image-800\" class=\"ngg-gallery-thumbnail-box\"  >\r\n\t\t<div class=\"ngg-gallery-thumbnail\" >\r\n\t\t\t<a href=\"https:\/\/facescouts.fr\/WordPressOndicap\/wp-content\/gallery\/secu\/img_6092.jpg\" title=\" \" class=\"thickbox\" rel=\"set_7\" >\r\n\t\t\t\t\t\t\t\t<img loading=\"lazy\" decoding=\"async\" title=\"img_6092\" alt=\"img_6092\" src=\"https:\/\/facescouts.fr\/WordPressOndicap\/wp-content\/gallery\/secu\/thumbs\/thumbs_img_6092.jpg\" width=\"120\" height=\"90\" \/>\r\n\t\t\t\t\t\t\t<\/a>\r\n\t\t<\/div>\r\n\t<\/div>\r\n\t\r\n\t\t\r\n \t\t\r\n\t<div id=\"ngg-image-801\" class=\"ngg-gallery-thumbnail-box\"  >\r\n\t\t<div class=\"ngg-gallery-thumbnail\" >\r\n\t\t\t<a href=\"https:\/\/facescouts.fr\/WordPressOndicap\/wp-content\/gallery\/secu\/img_6121.jpg\" title=\" \" class=\"thickbox\" rel=\"set_7\" >\r\n\t\t\t\t\t\t\t\t<img loading=\"lazy\" decoding=\"async\" title=\"img_6121\" alt=\"img_6121\" src=\"https:\/\/facescouts.fr\/WordPressOndicap\/wp-content\/gallery\/secu\/thumbs\/thumbs_img_6121.jpg\" width=\"120\" height=\"90\" \/>\r\n\t\t\t\t\t\t\t<\/a>\r\n\t\t<\/div>\r\n\t<\/div>\r\n\t\r\n\t\t\r\n \t \t\r\n\t<!-- Pagination -->\r\n \t<div class='ngg-navigation'><span class=\"current\">1<\/span><a class=\"page-numbers\" href=\"https:\/\/facescouts.fr\/WordPressOndicap\/?page_id=500&amp;nggpage=2\">2<\/a><a class=\"page-numbers\" href=\"https:\/\/facescouts.fr\/WordPressOndicap\/?page_id=500&amp;nggpage=3\">3<\/a><a class=\"next\" id=\"ngg-next-2\" href=\"https:\/\/facescouts.fr\/WordPressOndicap\/?page_id=500&amp;nggpage=2\">&#9658;<\/a><\/div> \t\r\n<\/div>\r\n\r\n\n<p>Merci \u00e0 eux<\/p>\n","protected":false},"excerpt":{"rendered":"<p>Merci \u00e0 eux<\/p>\n","protected":false},"author":1,"featured_media":0,"parent":146,"menu_order":5,"comment_status":"closed","ping_status":"closed","template":"","meta":{"footnotes":""},"class_list":["post-500","page","type-page","status-publish","hentry"],"_links":{"self":[{"href":"https:\/\/facescouts.fr\/WordPressOndicap\/index.php?rest_route=\/wp\/v2\/pages\/500","targetHints":{"allow":["GET"]}}],"collection":[{"href":"https:\/\/facescouts.fr\/WordPressOndicap\/index.php?rest_route=\/wp\/v2\/pages"}],"about":[{"href":"https:\/\/facescouts.fr\/WordPressOndicap\/index.php?rest_route=\/wp\/v2\/types\/page"}],"author":[{"embeddable":true,"href":"https:\/\/facescouts.fr\/WordPressOndicap\/index.php?rest_route=\/wp\/v2\/users\/1"}],"replies":[{"embeddable":true,"href":"https:\/\/facescouts.fr\/WordPressOndicap\/index.php?rest_route=%2Fwp%2Fv2%2Fcomments&post=500"}],"version-history":[{"count":8,"href":"https:\/\/facescouts.fr\/WordPressOndicap\/index.php?rest_route=\/wp\/v2\/pages\/500\/revisions"}],"predecessor-version":[{"id":520,"href":"https:\/\/facescouts.fr\/WordPressOndicap\/index.php?rest_route=\/wp\/v2\/pages\/500\/revisions\/520"}],"up":[{"embeddable":true,"href":"https:\/\/facescouts.fr\/WordPressOndicap\/index.php?rest_route=\/wp\/v2\/pages\/146"}],"wp:attachment":[{"href":"https:\/\/facescouts.fr\/WordPressOndicap\/index.php?rest_route=%2Fwp%2Fv2%2Fmedia&parent=500"}],"curies":[{"name":"wp","href":"https:\/\/api.w.org\/{rel}","templated":true}]}}