{"id":523,"date":"2013-12-20T19:33:19","date_gmt":"2013-12-20T18:33:19","guid":{"rendered":"http:\/\/facescouts.fr\/WordPressOndicap\/?page_id=523"},"modified":"2013-12-20T19:33:19","modified_gmt":"2013-12-20T18:33:19","slug":"la-veillee","status":"publish","type":"page","link":"https:\/\/facescouts.fr\/WordPressOndicap\/?page_id=523","title":{"rendered":"La veill\u00e9e"},"content":{"rendered":"<p>21H30 : L&rsquo;arriv\u00e9e des tigres Bouddhistes<\/p>\n<p><iframe loading=\"lazy\" title=\"Onditcapoupas! La veill\u00e9e, les tigres des Bouddhistes arrivent ...\" width=\"960\" height=\"540\" src=\"https:\/\/www.youtube.com\/embed\/wBpEkh4-9Ho?feature=oembed\" frameborder=\"0\" allow=\"accelerometer; autoplay; clipboard-write; encrypted-media; gyroscope; picture-in-picture; web-share\" referrerpolicy=\"strict-origin-when-cross-origin\" allowfullscreen><\/iframe><\/p>\n<p>21H34 : La danse des tigres version Hip-Hop<\/p>\n<p><iframe loading=\"lazy\" title=\"Onditcapoupas! La veill\u00e9e, les Bouddhistes chauffent la salle\" width=\"960\" height=\"540\" src=\"https:\/\/www.youtube.com\/embed\/P1X3sz_bBWM?feature=oembed\" frameborder=\"0\" allow=\"accelerometer; autoplay; clipboard-write; encrypted-media; gyroscope; picture-in-picture; web-share\" referrerpolicy=\"strict-origin-when-cross-origin\" allowfullscreen><\/iframe><\/p>\n<p>21h38 : Chant hymne des Bouddhistes<\/p>\n<p><iframe loading=\"lazy\" title=\"Onditcapoupas! Chant hymne des Bouddhistes\" width=\"960\" height=\"540\" src=\"https:\/\/www.youtube.com\/embed\/eUTWB5Wu-OY?feature=oembed\" frameborder=\"0\" allow=\"accelerometer; autoplay; clipboard-write; encrypted-media; gyroscope; picture-in-picture; web-share\" referrerpolicy=\"strict-origin-when-cross-origin\" allowfullscreen><\/iframe><\/p>\n<p>21h45 : Amplitude, Quand j&rsquo;ouvre les yeux<\/p>\n<p><iframe loading=\"lazy\" title=\"Onditcapoupas!  Amplitude : Quand j&#039;ouvre les yeux\" width=\"960\" height=\"540\" src=\"https:\/\/www.youtube.com\/embed\/FMjwt4fnhK4?feature=oembed\" frameborder=\"0\" allow=\"accelerometer; autoplay; clipboard-write; encrypted-media; gyroscope; picture-in-picture; web-share\" referrerpolicy=\"strict-origin-when-cross-origin\" allowfullscreen><\/iframe><\/p>\n<p>21h50 : Amplitude, Comme un appel<\/p>\n<p><iframe loading=\"lazy\" title=\"Onditcapoupas! Amplitude : Comme un appel\" width=\"960\" height=\"540\" src=\"https:\/\/www.youtube.com\/embed\/mZDmBUbe_s4?feature=oembed\" frameborder=\"0\" allow=\"accelerometer; autoplay; clipboard-write; encrypted-media; gyroscope; picture-in-picture; web-share\" referrerpolicy=\"strict-origin-when-cross-origin\" allowfullscreen><\/iframe><\/p>\n<p>21h55 :\u00a0 T\u00e9moignage d\u2019\u00c9meline sur la compassion chez les Bouddhistes<\/p>\n<p><iframe loading=\"lazy\" title=\"Onditcapoupas! Emeline : La compassion chez les Bouddhistes\" width=\"960\" height=\"540\" src=\"https:\/\/www.youtube.com\/embed\/ap6CqybuVVY?feature=oembed\" frameborder=\"0\" allow=\"accelerometer; autoplay; clipboard-write; encrypted-media; gyroscope; picture-in-picture; web-share\" referrerpolicy=\"strict-origin-when-cross-origin\" allowfullscreen><\/iframe><\/p>\n<p>22h01 : Amplitude, Graine de diversit\u00e9<\/p>\n<p><iframe loading=\"lazy\" title=\"Onditcapoupas! Amplitude :  Graine de diversit\u00e9\" width=\"960\" height=\"540\" src=\"https:\/\/www.youtube.com\/embed\/XXgb0MANDHw?feature=oembed\" frameborder=\"0\" allow=\"accelerometer; autoplay; clipboard-write; encrypted-media; gyroscope; picture-in-picture; web-share\" referrerpolicy=\"strict-origin-when-cross-origin\" allowfullscreen><\/iframe><\/p>\n<p>22H10 : Amplitude attaque du JJ.Goldmann, on est qu&rsquo;au d\u00e9but de la veill\u00e9e, nos invit\u00e9s Bouddhistes (assis au premier rang) n&rsquo;en reviennent pas mais ils vont vite prendre le tempo de la soir\u00e9e.<\/p>\n<p><iframe loading=\"lazy\" title=\"Onditcapoupas! Goldman\" width=\"960\" height=\"540\" src=\"https:\/\/www.youtube.com\/embed\/zx_Cf9kkE0c?feature=oembed\" frameborder=\"0\" allow=\"accelerometer; autoplay; clipboard-write; encrypted-media; gyroscope; picture-in-picture; web-share\" referrerpolicy=\"strict-origin-when-cross-origin\" allowfullscreen><\/iframe><\/p>\n<p>22h21 : Amplitude, Vis tes r\u00e8ves<\/p>\n<p><iframe loading=\"lazy\" title=\"Onditcapoupas! Amplitude Vis tes reves\" width=\"960\" height=\"540\" src=\"https:\/\/www.youtube.com\/embed\/NGr0qfhJzDs?feature=oembed\" frameborder=\"0\" allow=\"accelerometer; autoplay; clipboard-write; encrypted-media; gyroscope; picture-in-picture; web-share\" referrerpolicy=\"strict-origin-when-cross-origin\" allowfullscreen><\/iframe><\/p>\n<p>22h28 : Amplitude, un classique du genre Imagine<\/p>\n<p><iframe loading=\"lazy\" title=\"Onditcapoupas! Amplitude : Imagine\" width=\"960\" height=\"540\" src=\"https:\/\/www.youtube.com\/embed\/R1EjXT5LJkI?feature=oembed\" frameborder=\"0\" allow=\"accelerometer; autoplay; clipboard-write; encrypted-media; gyroscope; picture-in-picture; web-share\" referrerpolicy=\"strict-origin-when-cross-origin\" allowfullscreen><\/iframe><\/p>\n<p>22h43 : Amplitude, Fais grandir la lumi\u00e8re<\/p>\n<p><iframe loading=\"lazy\" title=\"Onditcapoupas! Amplitude Fais grandir la lumiere\" width=\"960\" height=\"540\" src=\"https:\/\/www.youtube.com\/embed\/Ogfv1FsTka4?feature=oembed\" frameborder=\"0\" allow=\"accelerometer; autoplay; clipboard-write; encrypted-media; gyroscope; picture-in-picture; web-share\" referrerpolicy=\"strict-origin-when-cross-origin\" allowfullscreen><\/iframe><\/p>\n<p>22h51 : Amplitude, \u00e7a me regarde<\/p>\n<p><iframe loading=\"lazy\" title=\"Onditcapoupas! Amplitude Ca me regarde\" width=\"960\" height=\"540\" src=\"https:\/\/www.youtube.com\/embed\/5S__qVqtEII?feature=oembed\" frameborder=\"0\" allow=\"accelerometer; autoplay; clipboard-write; encrypted-media; gyroscope; picture-in-picture; web-share\" referrerpolicy=\"strict-origin-when-cross-origin\" allowfullscreen><\/iframe><\/p>\n<p>23h02 : Guitariste Bouddhiste (excellent)<\/p>\n<p><iframe loading=\"lazy\" title=\"Onditcapoupas! Guitariste Bouddhiste\" width=\"960\" height=\"540\" src=\"https:\/\/www.youtube.com\/embed\/fa3DCVsCgvM?feature=oembed\" frameborder=\"0\" allow=\"accelerometer; autoplay; clipboard-write; encrypted-media; gyroscope; picture-in-picture; web-share\" referrerpolicy=\"strict-origin-when-cross-origin\" allowfullscreen><\/iframe><\/p>\n<p>23h06 : Une merveilleuse cantatrice<\/p>\n<p><iframe loading=\"lazy\" title=\"Onditcapoupas! : Une merveilleuse cantatrice\" width=\"960\" height=\"540\" src=\"https:\/\/www.youtube.com\/embed\/pZwv-qo0BYw?feature=oembed\" frameborder=\"0\" allow=\"accelerometer; autoplay; clipboard-write; encrypted-media; gyroscope; picture-in-picture; web-share\" referrerpolicy=\"strict-origin-when-cross-origin\" allowfullscreen><\/iframe><\/p>\n<p>23h16 : La pri\u00e8re Scoute (peu mieux faire)<\/p>\n<p><iframe loading=\"lazy\" title=\"Onditcapoupas! : La pri\u00e8re Scout\" width=\"960\" height=\"540\" src=\"https:\/\/www.youtube.com\/embed\/sVLLjnDFekM?feature=oembed\" frameborder=\"0\" allow=\"accelerometer; autoplay; clipboard-write; encrypted-media; gyroscope; picture-in-picture; web-share\" referrerpolicy=\"strict-origin-when-cross-origin\" allowfullscreen><\/iframe><\/p>\n<p>23h18 : Amplitude, Des couleurs sur mon chemin<\/p>\n<p><iframe loading=\"lazy\" title=\"Onditcapoupas! : Amplitude : Des couleurs sur mon chemin\" width=\"960\" height=\"540\" src=\"https:\/\/www.youtube.com\/embed\/vOePe7DEbEo?feature=oembed\" frameborder=\"0\" allow=\"accelerometer; autoplay; clipboard-write; encrypted-media; gyroscope; picture-in-picture; web-share\" referrerpolicy=\"strict-origin-when-cross-origin\" allowfullscreen><\/iframe><\/p>\n<p>23h24 : Amplitude, Un signe pour la paix<\/p>\n<p><iframe loading=\"lazy\" title=\"Onditcapoupas! Amplitude : Un signe pour la paix\" width=\"960\" height=\"540\" src=\"https:\/\/www.youtube.com\/embed\/wJBvFTZy7HA?feature=oembed\" frameborder=\"0\" allow=\"accelerometer; autoplay; clipboard-write; encrypted-media; gyroscope; picture-in-picture; web-share\" referrerpolicy=\"strict-origin-when-cross-origin\" allowfullscreen><\/iframe><\/p>\n<p>23h32 : Amplitude, Cit\u00e9 Cap<\/p>\n<p><iframe loading=\"lazy\" title=\"Onditcapoupas! Amplitude : Cit\u00e9 Cap\" width=\"960\" height=\"540\" src=\"https:\/\/www.youtube.com\/embed\/ohCtGGtJdoU?feature=oembed\" frameborder=\"0\" allow=\"accelerometer; autoplay; clipboard-write; encrypted-media; gyroscope; picture-in-picture; web-share\" referrerpolicy=\"strict-origin-when-cross-origin\" allowfullscreen><\/iframe><\/p>\n<p>23h38 : Amplitude, Paris d&rsquo;avenir et dodo &#8230;..<\/p>\n<p><iframe loading=\"lazy\" title=\"Onditcapoupas! Amplitude : Paris d&#039;avenir\" width=\"960\" height=\"540\" src=\"https:\/\/www.youtube.com\/embed\/JflBcSrzaIg?feature=oembed\" frameborder=\"0\" allow=\"accelerometer; autoplay; clipboard-write; encrypted-media; gyroscope; picture-in-picture; web-share\" referrerpolicy=\"strict-origin-when-cross-origin\" allowfullscreen><\/iframe><\/p>\n<h2>La veill\u00e9e vue par les PioCas<\/h2>\n<p>http:\/\/www.youtube.com\/watch?v=ORf5oeW50JM&#038;width=500&#038;height=350<\/p>\n<p>&nbsp;<\/p>\n","protected":false},"excerpt":{"rendered":"<p>21H30 : L&rsquo;arriv\u00e9e des tigres Bouddhistes 21H34 : La danse des tigres version Hip-Hop 21h38 : Chant hymne des Bouddhistes 21h45 : Amplitude, Quand j&rsquo;ouvre les yeux 21h50 : Amplitude, Comme un appel 21h55 :\u00a0 T\u00e9moignage d\u2019\u00c9meline sur la compassion chez les Bouddhistes 22h01 : Amplitude, Graine de diversit\u00e9 22H10 : Amplitude attaque du JJ.Goldmann, [&hellip;]<\/p>\n","protected":false},"author":1,"featured_media":0,"parent":424,"menu_order":1,"comment_status":"closed","ping_status":"open","template":"","meta":{"footnotes":""},"class_list":["post-523","page","type-page","status-publish","hentry"],"_links":{"self":[{"href":"https:\/\/facescouts.fr\/WordPressOndicap\/index.php?rest_route=\/wp\/v2\/pages\/523","targetHints":{"allow":["GET"]}}],"collection":[{"href":"https:\/\/facescouts.fr\/WordPressOndicap\/index.php?rest_route=\/wp\/v2\/pages"}],"about":[{"href":"https:\/\/facescouts.fr\/WordPressOndicap\/index.php?rest_route=\/wp\/v2\/types\/page"}],"author":[{"embeddable":true,"href":"https:\/\/facescouts.fr\/WordPressOndicap\/index.php?rest_route=\/wp\/v2\/users\/1"}],"replies":[{"embeddable":true,"href":"https:\/\/facescouts.fr\/WordPressOndicap\/index.php?rest_route=%2Fwp%2Fv2%2Fcomments&post=523"}],"version-history":[{"count":2,"href":"https:\/\/facescouts.fr\/WordPressOndicap\/index.php?rest_route=\/wp\/v2\/pages\/523\/revisions"}],"predecessor-version":[{"id":531,"href":"https:\/\/facescouts.fr\/WordPressOndicap\/index.php?rest_route=\/wp\/v2\/pages\/523\/revisions\/531"}],"up":[{"embeddable":true,"href":"https:\/\/facescouts.fr\/WordPressOndicap\/index.php?rest_route=\/wp\/v2\/pages\/424"}],"wp:attachment":[{"href":"https:\/\/facescouts.fr\/WordPressOndicap\/index.php?rest_route=%2Fwp%2Fv2%2Fmedia&parent=523"}],"curies":[{"name":"wp","href":"https:\/\/api.w.org\/{rel}","templated":true}]}}