{"id":53,"date":"2013-09-14T18:17:49","date_gmt":"2013-09-14T16:17:49","guid":{"rendered":"http:\/\/facescouts.fr\/WordPressOndicap\/?page_id=53"},"modified":"2013-09-27T18:47:18","modified_gmt":"2013-09-27T16:47:18","slug":"programme","status":"publish","type":"page","link":"https:\/\/facescouts.fr\/WordPressOndicap\/?page_id=53","title":{"rendered":"Horaires et  Acc\u00e8s"},"content":{"rendered":"<h2><span style=\"color: #99cc00;\">Horaires :<\/span><\/h2>\n<ul>\n<li>13h30 : ouverture et accueil sur le parvis de l&rsquo;\u00e9glise Notre Dame du Val<\/li>\n<li>14h30: lancement des d\u00e9fis et ouverture du village handicap<\/li>\n<li>19h00 : repas partag\u00e9s<\/li>\n<li>21h00 : concert \/ t\u00e9moignages<\/li>\n<\/ul>\n<p>&nbsp;<\/p>\n<h2><span style=\"color: #99cc00;\">Lieu de l&rsquo;\u00e9v\u00e8nement :<\/span><\/h2>\n<p>Eglise Notre Dame du Val<br \/>\n33, boulevard Thibault de Champagne<br \/>\n77600 Bussy Saint Georges<\/p>\n<p>[codepeople-post-map]<\/p>\n","protected":false},"excerpt":{"rendered":"<p>Horaires : 13h30 : ouverture et accueil sur le parvis de l&rsquo;\u00e9glise Notre Dame du Val 14h30: lancement des d\u00e9fis et ouverture du village handicap 19h00 : repas partag\u00e9s 21h00 : concert \/ t\u00e9moignages &nbsp; Lieu de l&rsquo;\u00e9v\u00e8nement : Eglise Notre Dame du Val 33, boulevard Thibault de Champagne 77600 Bussy Saint Georges [codepeople-post-map]<\/p>\n","protected":false},"author":1,"featured_media":0,"parent":199,"menu_order":0,"comment_status":"closed","ping_status":"closed","template":"","meta":{"footnotes":""},"class_list":["post-53","page","type-page","status-publish","hentry"],"_links":{"self":[{"href":"https:\/\/facescouts.fr\/WordPressOndicap\/index.php?rest_route=\/wp\/v2\/pages\/53","targetHints":{"allow":["GET"]}}],"collection":[{"href":"https:\/\/facescouts.fr\/WordPressOndicap\/index.php?rest_route=\/wp\/v2\/pages"}],"about":[{"href":"https:\/\/facescouts.fr\/WordPressOndicap\/index.php?rest_route=\/wp\/v2\/types\/page"}],"author":[{"embeddable":true,"href":"https:\/\/facescouts.fr\/WordPressOndicap\/index.php?rest_route=\/wp\/v2\/users\/1"}],"replies":[{"embeddable":true,"href":"https:\/\/facescouts.fr\/WordPressOndicap\/index.php?rest_route=%2Fwp%2Fv2%2Fcomments&post=53"}],"version-history":[{"count":12,"href":"https:\/\/facescouts.fr\/WordPressOndicap\/index.php?rest_route=\/wp\/v2\/pages\/53\/revisions"}],"predecessor-version":[{"id":171,"href":"https:\/\/facescouts.fr\/WordPressOndicap\/index.php?rest_route=\/wp\/v2\/pages\/53\/revisions\/171"}],"up":[{"embeddable":true,"href":"https:\/\/facescouts.fr\/WordPressOndicap\/index.php?rest_route=\/wp\/v2\/pages\/199"}],"wp:attachment":[{"href":"https:\/\/facescouts.fr\/WordPressOndicap\/index.php?rest_route=%2Fwp%2Fv2%2Fmedia&parent=53"}],"curies":[{"name":"wp","href":"https:\/\/api.w.org\/{rel}","templated":true}]}}